{"id":634,"date":"2014-05-16T02:50:24","date_gmt":"2014-05-16T06:50:24","guid":{"rendered":"http:\/\/mariatsallato.com\/home-2\/"},"modified":"2024-01-29T00:42:07","modified_gmt":"2024-01-29T05:42:07","slug":"inicio","status":"publish","type":"page","link":"https:\/\/sallatoandassociates.com\/es\/inicio\/","title":{"rendered":"Inicio"},"content":{"rendered":"<p>[av_revolutionslider id=&#8217;2&#8242;]<\/p>\n<p>[av_one_third first min_height=&#8221; vertical_alignment=&#8221; space=&#8221; custom_margin=&#8221; margin=&#8217;0px&#8217; padding=&#8217;0px&#8217; border=&#8221; border_color=&#8221; radius=&#8217;0px&#8217; background_color=&#8221; src=&#8221; background_position=&#8217;top left&#8217; background_repeat=&#8217;no-repeat&#8217; animation=&#8221; mobile_display=&#8221;]<br \/>\n[av_icon_box position=&#8217;top&#8217; boxed=&#8221; icon=&#8217;ue80b&#8217; font=&#8217;entypo-fontello&#8217; title=&#8217;DERECHO DE FAMILIA&#8217; linktarget=&#8221; linkelement=&#8221; font_color=&#8221; custom_title=&#8221; custom_content=&#8221; color=&#8221; custom_bg=&#8221; custom_font=&#8221; custom_border=&#8221;]<\/p>\n<p style=\"text-align: justify;\">Nuestra principal \u00e1rea de especializaci\u00f3n es tratar asuntos relacionados con la familia y las relaciones dom\u00e9sticas. Esto incluye las siguientes \u00e1reas: Asuntos matrimoniales complejos, divorcio (Divorcio por Mutuo acuerdo o divorcio contencioso), violencia dom\u00e9stica, adopciones, paternidad, custodia y derechos de Visitas, y aplicaci\u00f3n de Procedimientos de Modificaci\u00f3n.<\/p>\n<p style=\"text-align: justify;\">El divorcio no es un solo proceso que se adapta a todas las personas. El divorcio var\u00eda dependiendo de los hechos de cada caso.<\/p>\n<p style=\"text-align: justify;\">Algunas parejas sienten que pueden llegar a un acuerdo pac\u00edfico y cordial que mantendr\u00e1 el drenaje emocional y financiero a un m\u00ednimo. Nuestra oficina puede proporcionar a las partes la capacidad de negociar y preparar el acuerdo y los documentos relacionados necesarios para lograr una soluci\u00f3n pac\u00edfica a su divorcio.<\/p>\n<p style=\"text-align: justify;\"><a href=\"http:\/\/sallatoandassociates.com\/es\/family-law\/\"><img loading=\"lazy\" decoding=\"async\" class=\"aligncenter wp-image-663\" src=\"http:\/\/www.sallatoandassociates.com\/site\/uploads\/2024\/01\/divorce-Maria-Sallato.jpg\" alt=\"Derecho de Falilia\" width=\"350\" height=\"233\" \/><\/a><\/p>\n<p>[\/av_icon_box]<\/p>\n<p>[av_icon_box position=&#8217;top&#8217; boxed=&#8217;av-no-box&#8217; icon=&#8217;ue80b&#8217; font=&#8217;entypo-fontello&#8217; title=&#8217;DIVORCIO&#8217; linktarget=&#8221; linkelement=&#8221; font_color=&#8221; custom_title=&#8221; custom_content=&#8221; color=&#8221; custom_bg=&#8221; custom_font=&#8221; custom_border=&#8221;]<br \/>\n<a href=\"http:\/\/http:\/\/sallatoandassociates.com\/es\/derecho-familia\/divorcio-colaborativo\/\"><img loading=\"lazy\" decoding=\"async\" class=\"aligncenter wp-image-1029 size-square\" style=\"margin-bottom: 10px;\" src=\"http:\/\/www.sallatoandassociates.com\/site\/uploads\/2024\/01\/people-maria-t-sallato-180x180.jpg\" alt=\"\" width=\"180\" height=\"180\" \/><\/a><\/p>\n<p style=\"text-align: left;\">El proceso de divorcio colaborativo es una forma de abordar los problemas que surgen de un proceso de divorcio sin el modelo de litigio tradicional. El proceso de colaboraci\u00f3n utiliza un enfoque de equipo para ayudar a las partes a llegar a un acuerdo de soluci\u00f3n sin la necesidad de acudir a los tribunales.<\/p>\n<p>[av_button label=&#8217;Mas Informacion&#8217; link=&#8217;manually,http:\/\/sallatoandassociates.com\/es\/derecho-familia\/divorcio-colaborativo\/&#8217; link_target=&#8221; size=&#8217;small&#8217; position=&#8217;center&#8217; icon_select=&#8217;yes&#8217; icon=&#8217;ue80b&#8217; font=&#8217;entypo-fontello&#8217; color=&#8217;theme-color&#8217; custom_bg=&#8217;#444444&#8242; custom_font=&#8217;#ffffff&#8217;]<br \/>\n[\/av_icon_box]<br \/>\n[\/av_one_third]<\/p>\n<p>[av_one_third min_height=&#8221; vertical_alignment=&#8221; space=&#8221; custom_margin=&#8221; margin=&#8217;0px&#8217; padding=&#8217;0px&#8217; border=&#8221; border_color=&#8221; radius=&#8217;0px&#8217; background_color=&#8221; src=&#8221; background_position=&#8217;top left&#8217; background_repeat=&#8217;no-repeat&#8217; animation=&#8221; mobile_display=&#8221;]<\/p>\n<p>[av_icon_box position=&#8217;top&#8217; boxed=&#8221; icon=&#8217;ue805&#8242; font=&#8217;entypo-fontello&#8217; title=&#8217;<span style=\"color: red;\">SOLICITE AQUI UNA CONSULTA<\/span>&#8216; linktarget=&#8221; linkelement=&#8217;both&#8217; font_color=&#8221; custom_title=&#8221; custom_content=&#8221; color=&#8221; custom_bg=&#8221; custom_font=&#8221; custom_border=&#8221;]<\/p>\n<hr \/>\n<p>[av_button label=&#8217;Click Aqui&#8217; link=&#8217;manually,http:\/\/sallatoandassociates.com\/es\/consulta-gratis\/&#8217; link_target=&#8221; size=&#8217;large&#8217; position=&#8217;center&#8217; icon_select=&#8217;yes&#8217; icon=&#8217;ue805&#8242; font=&#8217;entypo-fontello&#8217; color=&#8217;theme-color&#8217; custom_bg=&#8217;#444444&#8242; custom_font=&#8217;#ffffff&#8217;]<\/p>\n<p style=\"text-align: center;\"><em>Con mucho gusto atendemos su consulta inicial sin compromiso.<\/em><\/p>\n<hr \/>\n<p><center><strong style=\"color: #f80b0f;\">Contactenos de la comodidad de su Hogar.<\/strong><\/center>&nbsp;<\/p>\n<p><center>Podemos Coordinar una cita por telefono o por video.<\/center>&nbsp;<\/p>\n<p><center><img loading=\"lazy\" decoding=\"async\" src=\"http:\/\/www.sallatoandassociates.com\/site\/uploads\/2020\/07\/Phone-1-e1594327280634.jpg\" alt=\"\" width=\"40\" height=\"40\" \/> <span style=\"font-weight: 300;\">or<\/span> <img loading=\"lazy\" decoding=\"async\" src=\"http:\/\/www.sallatoandassociates.com\/site\/uploads\/2020\/07\/Camera-e1594327332108.jpg\" alt=\"\" width=\"44\" height=\"60\" \/><\/center><center><br \/>\nLllamenos para coordinar una cita.<br \/>\nTel: (305) 598-9600<\/center><\/p>\n<hr \/>\n<p>[\/av_icon_box]<\/p>\n<p>[av_icon_box position=&#8217;top&#8217; boxed=&#8221; icon=&#8217;ue829&#8242; font=&#8217;entypo-fontello&#8217; title=&#8217;LESIONES PERSONALES&#8217; link=&#8221; linktarget=&#8221; linkelement=&#8221; font_color=&#8221; custom_title=&#8221; custom_content=&#8221; color=&#8221; custom_bg=&#8221; custom_font=&#8221; custom_border=&#8221;]<\/p>\n<p style=\"text-align: justify;\">Reconocemos que nuestros clientes pueden tener preocupaciones que abarcan varias \u00e1reas del derecho y estamos aqu\u00ed para ayudar en todas esas \u00e1reas, incluyendo lesiones personales y asuntos de muerte injusta.<\/p>\n<p>[\/av_icon_box]<\/p>\n<p>[av_icon_box position=&#8217;top&#8217; boxed=&#8221; icon=&#8217;ue8b1&#8242; font=&#8217;entypo-fontello&#8217; title=&#8217;DERECHO INTERNACIONAL DE FAMILIA&#8217; linktarget=&#8221; linkelement=&#8217;both&#8217; font_color=&#8221; custom_title=&#8221; custom_content=&#8221; color=&#8221; custom_bg=&#8221; custom_font=&#8221; custom_border=&#8221;]<\/p>\n<p style=\"text-align: justify;\">Tenemos amplia experiencia en el campo del derecho internacional de familia, un campo complejo donde muchas leyes se superponen entre varias jurisdicciones. Tratamos casos relacionados con:<\/p>\n<ul>\n<li style=\"text-align: left;\">Trabajar en un entorno intercultural<\/li>\n<li style=\"text-align: left;\">Coordinaci\u00f3n con un abogado extranjero para una soluci\u00f3n integral<\/li>\n<li style=\"text-align: left;\">Gesti\u00f3n de cuestiones jurisdiccionales complejas<\/li>\n<li style=\"text-align: left;\">Coordinaci\u00f3n con organismos y organizaciones internacionales apropiados<\/li>\n<li style=\"text-align: left;\">Representaci\u00f3n de ni\u00f1os bajo custodia y apoyo internacional<\/li>\n<li style=\"text-align: left;\">Representaci\u00f3n en casos de reubicaci\u00f3n y secuestro<\/li>\n<\/ul>\n<p>[\/av_icon_box]<\/p>\n<p>[\/av_one_third][av_one_third min_height=&#8221; vertical_alignment=&#8221; space=&#8221; custom_margin=&#8221; margin=&#8217;0px&#8217; padding=&#8217;0px&#8217; border=&#8221; border_color=&#8221; radius=&#8217;0px&#8217; background_color=&#8221; src=&#8221; background_position=&#8217;top left&#8217; background_repeat=&#8217;no-repeat&#8217; animation=&#8221; mobile_display=&#8221;]<br \/>\n[av_icon_box position=&#8217;top&#8217; boxed=&#8221; icon=&#8217;ue80b&#8217; font=&#8217;entypo-fontello&#8217; title=&#8217;ADOPCIONES&#8217; linktarget=&#8221; linkelement=&#8221; font_color=&#8221; custom_title=&#8221; custom_content=&#8221; color=&#8221; custom_bg=&#8221; custom_font=&#8221; custom_border=&#8221;]<br \/>\nDe todos los diferentes procesos legales que maneja un Abogado de Derecho Familiar, no hay nada m\u00e1s gratificante que las adopciones, especialmente las adopciones de padres adoptivos. En general, es un d\u00eda feliz y especial de unir a una familia. Sin embargo, los abogados de adopci\u00f3n deben estar bien informados cuando se trata de la adopci\u00f3n de un ni\u00f1o de un pa\u00eds extranjero.<\/p>\n<p>[av_button label=&#8217;Mas Informacion&#8217; link=&#8217;manually,http:\/\/sallatoandassociates.com\/adopciones\/&#8217; link_target=&#8221; size=&#8217;small&#8217; position=&#8217;center&#8217; icon_select=&#8217;yes&#8217; icon=&#8217;ue80b&#8217; font=&#8217;entypo-fontello&#8217; color=&#8217;theme-color&#8217; custom_bg=&#8217;#444444&#8242; custom_font=&#8217;#ffffff&#8217;]<br \/>\n[\/av_icon_box]<\/p>\n<p>[av_icon_box position=&#8217;top&#8217; boxed=&#8221; icon=&#8217;ue8c7&#8242; font=&#8217;entypo-fontello&#8217; title=&#8217;TESTAMENTOS y FIDEICOMISOS&#8217; linktarget=&#8221; linkelement=&#8221; font_color=&#8221; custom_title=&#8221; custom_content=&#8221; color=&#8221; custom_bg=&#8221; custom_font=&#8221; custom_border=&#8221;]<\/p>\n<p style=\"text-align: justify;\">Podemos ayudarle en la preparaci\u00f3n de su testamento o fideicomiso para que decida de antemano c\u00f3mo desea que sus pertenencias personales se distribuyan en el momento de su muerte.<\/p>\n<p style=\"text-align: justify;\">Preparamos un poder para su abogado, para que sus deseos se puedan llevar a cabo, si fallece o incluso si se convierte en clinicamente incompetente.<\/p>\n<p style=\"text-align: justify;\"><img loading=\"lazy\" decoding=\"async\" class=\"aligncenter wp-image-696\" src=\"http:\/\/www.sallatoandassociates.com\/site\/uploads\/2024\/01\/probate2.jpg\" width=\"350\" height=\"263\" \/><\/p>\n<p style=\"text-align: justify;\">Preparamos sus instrucciones anticipadas sobre qui\u00e9n hablar\u00e1 por usted, en caso de no poder hacerlo, y qu\u00e9 medidas tomar.<\/p>\n<p style=\"text-align: justify;\">En el caso de la muerte de un ser cercano, le ayudamos en la administraci\u00f3n de la herencia para llevar a cabo los deseos de sus seres queridos.<\/p>\n<p style=\"text-align: justify;\">En el caso de que un ser querido se convierte mentalmente incompetente, le ayudamos a ser el guardi\u00e1n de la persona y de su propiedad.<\/p>\n<h6 style=\"text-align: justify;\"><span style=\"color: #008080;\"><a style=\"color: #008080;\" href=\"http:\/\/sallatoandassociates.com\/es\/testamento\/\">TESTAMENTO EN COLOMBIA con Propiedades en USA &#8230; ver mas<\/a><\/span><\/h6>\n<p>[\/av_icon_box]<\/p>\n<p>[av_icon_box position=&#8217;top&#8217; boxed=&#8221; icon=&#8217;ue80b&#8217; font=&#8217;entypo-fontello&#8217; title=&#8217;SUCESIONES Y HERENCIAS&#8217; link=&#8221; linktarget=&#8221; linkelement=&#8221; font_color=&#8221; custom_title=&#8221; custom_content=&#8221; color=&#8221; custom_bg=&#8221; custom_font=&#8221; custom_border=&#8221;]<br \/>\nEn nuestro mundo globalizado esta cada d\u00eda en aumento las inversiones en el extranjero. En caso de Ia muerte de un miembro de su familia y de tener\u00a0necesidad de distribuir propiedades que est\u00e9n situadas fuera de Su pa\u00eds, y localizadas en el estado de Ia Florida, cuente con\u00a0nuestra experiencia para ayudarlos a repartir los bienes de acuerdo a las instrucciones de sus seres queridos.<\/p>\n<p>Muy a menudo los costos del proceso de sucesi\u00f3n en Ia Florida se pueden pagar con el dinero de Ia herencia.<\/p>\n<p>[av_button label=&#8217;Mas Informacion&#8217; link=&#8217;manually,http:\/\/sallatoandassociates.com\/herencia1\/&#8217; link_target=&#8221; size=&#8217;small&#8217; position=&#8217;center&#8217; icon_select=&#8217;yes&#8217; icon=&#8217;ue80b&#8217; font=&#8217;entypo-fontello&#8217; color=&#8217;theme-color&#8217; custom_bg=&#8217;#444444&#8242; custom_font=&#8217;#ffffff&#8217;]<br \/>\n[\/av_icon_box]<br \/>\n[\/av_one_third]<\/p>\n<p>[av_one_full first min_height=&#8221; vertical_alignment=&#8221; space=&#8221; custom_margin=&#8221; margin=&#8217;0px&#8217; padding=&#8217;0px&#8217; border=&#8221; border_color=&#8221; radius=&#8217;0px&#8217; background_color=&#8221; src=&#8221; background_position=&#8217;top left&#8217; background_repeat=&#8217;no-repeat&#8217; animation=&#8221; mobile_display=&#8221;]<br \/>\n[av_textblock size=&#8221; font_color=&#8221; color=&#8221;]<\/p>\n<p style=\"text-align: center;\"><strong>Board Certified Divorce Attorney &#8211; International Family Law attorney Miami &#8211; Interstate and International Child Abduction\u00a0&#8211; Parental Kidnapping under the Hague Convention &#8211; Complex Matrimonial Matters &#8211; Dissolution of Marriage \u00a0&#8211; Board Certified Divorce Attorney &#8211; Miami Florida\u00a0<\/strong><\/p>\n<h3 style=\"text-align: center;\"><img loading=\"lazy\" decoding=\"async\" class=\"alignleft wp-image-63\" style=\"margin-left: 50px;\" src=\"http:\/\/www.sallatoandassociates.com\/site\/uploads\/2014\/05\/Fla-Bar-Certification.jpg\" alt=\"Florida Bar - Board Certified Attorney\" width=\"151\" height=\"115\" \/><\/h3>\n<h3 style=\"text-align: center;\"><a href=\"http:\/\/sallatoandassociates.com\/board-certification\/\"><span style=\"color: #2d5c88;\">Porque necesitas un abogado certificado ?<\/span><\/a><img loading=\"lazy\" decoding=\"async\" class=\"wp-image-64 size-full alignright\" style=\"margin-right: 50px;\" src=\"http:\/\/www.sallatoandassociates.com\/site\/uploads\/2014\/05\/texas-bar.jpg\" alt=\"Texas Bar - Bioard Certified Divorce Attorney\" width=\"200\" height=\"125\" \/><\/h3>\n<pre style=\"text-align: center;\"><\/pre>\n<p>[\/av_textblock]<\/p>\n<p>[av_textblock size=&#8221; font_color=&#8221; color=&#8221;]<\/p>\n<h4 style=\"text-align: center;\"><span style=\"color: #000080;\">Ofreciendo Servicios Legales en el estado de Florida, en los Estados Unidos de Am\u00e9rica &#8211; Miami Dade County, Broward County y TODA la Florida<\/span><\/h4>\n<h3 style=\"text-align: center;\"><\/h3>\n<p>[\/av_textblock]<br \/>\n[\/av_one_full]<\/p>\n","protected":false},"excerpt":{"rendered":"<p>[av_revolutionslider id=&#8217;2&#8242;] [av_one_third first min_height=&#8221; vertical_alignment=&#8221; space=&#8221; custom_margin=&#8221; margin=&#8217;0px&#8217; padding=&#8217;0px&#8217; border=&#8221; border_color=&#8221; radius=&#8217;0px&#8217; background_color=&#8221; src=&#8221; background_position=&#8217;top left&#8217; background_repeat=&#8217;no-repeat&#8217; animation=&#8221; mobile_display=&#8221;] &#8230;<\/p>\n","protected":false},"author":5,"featured_media":0,"parent":0,"menu_order":0,"comment_status":"open","ping_status":"closed","template":"","meta":{"footnotes":""},"class_list":["post-634","page","type-page","status-publish","hentry"],"yoast_head":"<!-- This site is optimized with the Yoast SEO plugin v25.2 - https:\/\/yoast.com\/wordpress\/plugins\/seo\/ -->\n<title>Board Certified Divorce Attorney - Miami | Maria T. Sallato<\/title>\n<meta name=\"description\" content=\"International family law attorney miami, Interstate and International Child Abduction, Complex Matrimonial Matters, Parental Kidnapping, Divorce, Adoption\" \/>\n<meta name=\"robots\" content=\"index, follow, max-snippet:-1, max-image-preview:large, max-video-preview:-1\" \/>\n<link rel=\"canonical\" href=\"https:\/\/sallatoandassociates.com\/es\/inicio\/\" \/>\n<meta property=\"og:locale\" content=\"es_ES\" \/>\n<meta property=\"og:type\" content=\"article\" \/>\n<meta property=\"og:title\" content=\"Board Certified Divorce Attorney - Miami | Maria T. Sallato\" \/>\n<meta property=\"og:description\" content=\"International family law attorney miami, Interstate and International Child Abduction, Complex Matrimonial Matters, Parental Kidnapping, Divorce, Adoption\" \/>\n<meta property=\"og:url\" content=\"https:\/\/sallatoandassociates.com\/es\/inicio\/\" \/>\n<meta property=\"og:site_name\" content=\"Sallato and Associates - Attorneys at Law Miami\" \/>\n<meta property=\"article:publisher\" content=\"https:\/\/www.facebook.com\/Sallato-Associates-PA-816422088378998\/info\/?tab=page_info\" \/>\n<meta property=\"article:modified_time\" content=\"2024-01-29T05:42:07+00:00\" \/>\n<meta property=\"og:image\" content=\"http:\/\/www.sallatoandassociates.com\/site\/uploads\/2024\/01\/divorce-Maria-Sallato.jpg\" \/>\n<meta name=\"twitter:label1\" content=\"Tiempo de lectura\" \/>\n\t<meta name=\"twitter:data1\" content=\"7 minutos\" \/>\n<script type=\"application\/ld+json\" class=\"yoast-schema-graph\">{\"@context\":\"https:\/\/schema.org\",\"@graph\":[{\"@type\":\"WebPage\",\"@id\":\"https:\/\/sallatoandassociates.com\/es\/inicio\/\",\"url\":\"https:\/\/sallatoandassociates.com\/es\/inicio\/\",\"name\":\"Board Certified Divorce Attorney - Miami | Maria T. Sallato\",\"isPartOf\":{\"@id\":\"https:\/\/sallatoandassociates.com\/#website\"},\"primaryImageOfPage\":{\"@id\":\"https:\/\/sallatoandassociates.com\/es\/inicio\/#primaryimage\"},\"image\":{\"@id\":\"https:\/\/sallatoandassociates.com\/es\/inicio\/#primaryimage\"},\"thumbnailUrl\":\"http:\/\/www.sallatoandassociates.com\/site\/uploads\/2024\/01\/divorce-Maria-Sallato.jpg\",\"datePublished\":\"2014-05-16T06:50:24+00:00\",\"dateModified\":\"2024-01-29T05:42:07+00:00\",\"description\":\"International family law attorney miami, Interstate and International Child Abduction, Complex Matrimonial Matters, Parental Kidnapping, Divorce, Adoption\",\"breadcrumb\":{\"@id\":\"https:\/\/sallatoandassociates.com\/es\/inicio\/#breadcrumb\"},\"inLanguage\":\"es\",\"potentialAction\":[{\"@type\":\"ReadAction\",\"target\":[\"https:\/\/sallatoandassociates.com\/es\/inicio\/\"]}]},{\"@type\":\"ImageObject\",\"inLanguage\":\"es\",\"@id\":\"https:\/\/sallatoandassociates.com\/es\/inicio\/#primaryimage\",\"url\":\"http:\/\/www.sallatoandassociates.com\/site\/uploads\/2024\/01\/divorce-Maria-Sallato.jpg\",\"contentUrl\":\"http:\/\/www.sallatoandassociates.com\/site\/uploads\/2024\/01\/divorce-Maria-Sallato.jpg\"},{\"@type\":\"BreadcrumbList\",\"@id\":\"https:\/\/sallatoandassociates.com\/es\/inicio\/#breadcrumb\",\"itemListElement\":[{\"@type\":\"ListItem\",\"position\":1,\"name\":\"Home\",\"item\":\"https:\/\/sallatoandassociates.com\/es\/\"},{\"@type\":\"ListItem\",\"position\":2,\"name\":\"Inicio\"}]},{\"@type\":\"WebSite\",\"@id\":\"https:\/\/sallatoandassociates.com\/#website\",\"url\":\"https:\/\/sallatoandassociates.com\/\",\"name\":\"Sallato and Associates - Attorneys at Law Miami\",\"description\":\"Board Certified Family Attorney\",\"potentialAction\":[{\"@type\":\"SearchAction\",\"target\":{\"@type\":\"EntryPoint\",\"urlTemplate\":\"https:\/\/sallatoandassociates.com\/?s={search_term_string}\"},\"query-input\":{\"@type\":\"PropertyValueSpecification\",\"valueRequired\":true,\"valueName\":\"search_term_string\"}}],\"inLanguage\":\"es\"}]}<\/script>\n<!-- \/ Yoast SEO plugin. -->","yoast_head_json":{"title":"Board Certified Divorce Attorney - Miami | Maria T. Sallato","description":"International family law attorney miami, Interstate and International Child Abduction, Complex Matrimonial Matters, Parental Kidnapping, Divorce, Adoption","robots":{"index":"index","follow":"follow","max-snippet":"max-snippet:-1","max-image-preview":"max-image-preview:large","max-video-preview":"max-video-preview:-1"},"canonical":"https:\/\/sallatoandassociates.com\/es\/inicio\/","og_locale":"es_ES","og_type":"article","og_title":"Board Certified Divorce Attorney - Miami | Maria T. Sallato","og_description":"International family law attorney miami, Interstate and International Child Abduction, Complex Matrimonial Matters, Parental Kidnapping, Divorce, Adoption","og_url":"https:\/\/sallatoandassociates.com\/es\/inicio\/","og_site_name":"Sallato and Associates - Attorneys at Law Miami","article_publisher":"https:\/\/www.facebook.com\/Sallato-Associates-PA-816422088378998\/info\/?tab=page_info","article_modified_time":"2024-01-29T05:42:07+00:00","og_image":[{"url":"http:\/\/www.sallatoandassociates.com\/site\/uploads\/2024\/01\/divorce-Maria-Sallato.jpg","type":"","width":"","height":""}],"twitter_misc":{"Tiempo de lectura":"7 minutos"},"schema":{"@context":"https:\/\/schema.org","@graph":[{"@type":"WebPage","@id":"https:\/\/sallatoandassociates.com\/es\/inicio\/","url":"https:\/\/sallatoandassociates.com\/es\/inicio\/","name":"Board Certified Divorce Attorney - Miami | Maria T. Sallato","isPartOf":{"@id":"https:\/\/sallatoandassociates.com\/#website"},"primaryImageOfPage":{"@id":"https:\/\/sallatoandassociates.com\/es\/inicio\/#primaryimage"},"image":{"@id":"https:\/\/sallatoandassociates.com\/es\/inicio\/#primaryimage"},"thumbnailUrl":"http:\/\/www.sallatoandassociates.com\/site\/uploads\/2024\/01\/divorce-Maria-Sallato.jpg","datePublished":"2014-05-16T06:50:24+00:00","dateModified":"2024-01-29T05:42:07+00:00","description":"International family law attorney miami, Interstate and International Child Abduction, Complex Matrimonial Matters, Parental Kidnapping, Divorce, Adoption","breadcrumb":{"@id":"https:\/\/sallatoandassociates.com\/es\/inicio\/#breadcrumb"},"inLanguage":"es","potentialAction":[{"@type":"ReadAction","target":["https:\/\/sallatoandassociates.com\/es\/inicio\/"]}]},{"@type":"ImageObject","inLanguage":"es","@id":"https:\/\/sallatoandassociates.com\/es\/inicio\/#primaryimage","url":"http:\/\/www.sallatoandassociates.com\/site\/uploads\/2024\/01\/divorce-Maria-Sallato.jpg","contentUrl":"http:\/\/www.sallatoandassociates.com\/site\/uploads\/2024\/01\/divorce-Maria-Sallato.jpg"},{"@type":"BreadcrumbList","@id":"https:\/\/sallatoandassociates.com\/es\/inicio\/#breadcrumb","itemListElement":[{"@type":"ListItem","position":1,"name":"Home","item":"https:\/\/sallatoandassociates.com\/es\/"},{"@type":"ListItem","position":2,"name":"Inicio"}]},{"@type":"WebSite","@id":"https:\/\/sallatoandassociates.com\/#website","url":"https:\/\/sallatoandassociates.com\/","name":"Sallato and Associates - Attorneys at Law Miami","description":"Board Certified Family Attorney","potentialAction":[{"@type":"SearchAction","target":{"@type":"EntryPoint","urlTemplate":"https:\/\/sallatoandassociates.com\/?s={search_term_string}"},"query-input":{"@type":"PropertyValueSpecification","valueRequired":true,"valueName":"search_term_string"}}],"inLanguage":"es"}]}},"_links":{"self":[{"href":"https:\/\/sallatoandassociates.com\/es\/wp-json\/wp\/v2\/pages\/634"}],"collection":[{"href":"https:\/\/sallatoandassociates.com\/es\/wp-json\/wp\/v2\/pages"}],"about":[{"href":"https:\/\/sallatoandassociates.com\/es\/wp-json\/wp\/v2\/types\/page"}],"author":[{"embeddable":true,"href":"https:\/\/sallatoandassociates.com\/es\/wp-json\/wp\/v2\/users\/5"}],"replies":[{"embeddable":true,"href":"https:\/\/sallatoandassociates.com\/es\/wp-json\/wp\/v2\/comments?post=634"}],"version-history":[{"count":57,"href":"https:\/\/sallatoandassociates.com\/es\/wp-json\/wp\/v2\/pages\/634\/revisions"}],"predecessor-version":[{"id":1450,"href":"https:\/\/sallatoandassociates.com\/es\/wp-json\/wp\/v2\/pages\/634\/revisions\/1450"}],"wp:attachment":[{"href":"https:\/\/sallatoandassociates.com\/es\/wp-json\/wp\/v2\/media?parent=634"}],"curies":[{"name":"wp","href":"https:\/\/api.w.org\/{rel}","templated":true}]}}