{"id":1877,"date":"2024-10-22T15:13:52","date_gmt":"2024-10-22T19:13:52","guid":{"rendered":"https:\/\/mariatsallato.com\/litigios-civiles-en-florida\/"},"modified":"2024-10-22T15:13:52","modified_gmt":"2024-10-22T19:13:52","slug":"litigios-civiles-en-florida","status":"publish","type":"page","link":"https:\/\/sallatoandassociates.com\/es\/litigios-civiles-en-florida\/","title":{"rendered":"Litigios civiles en Florida"},"content":{"rendered":"<p>Prestamos servicios de Litigaci\u00f3n Civil en Florida a los habitantes del sur de Florida. Nos ocupamos de una amplia variedad de asuntos de Litigios Civiles de Florida, entre ellos: Disputas Contractuales<br \/>\nNos ocupamos de una amplia gama de disputas contractuales, que van desde disputas entre socios comerciales hasta relaciones entre clientes y empresas. Robo Civil<br \/>\n\u00bfAlguien te despoj\u00f3 intencionadamente de tu propiedad? La legislaci\u00f3n de Florida ofrece una gran protecci\u00f3n a sus ciudadanos en asuntos en los que una parte priva a otra del disfrute de sus intereses patrimoniales legalmente reconocidos. Agresi\u00f3n y lesiones<br \/>\n\u00bfAlguien te toc\u00f3 intencionadamente de forma ofensiva o da\u00f1ina o te hizo temer por tu seguridad f\u00edsica? Acciones por negligencia profesional<br \/>\nLa mayor\u00eda de los profesionales hacen su trabajo y lo hacen bien. Algunos no lo hacen. Si te ha lesionado alguien que no cumpli\u00f3 o cumpli\u00f3 incorrectamente su deber profesional, y resultaste perjudicado por ello, podemos ayudarte. <\/p>\n","protected":false},"excerpt":{"rendered":"<p>Prestamos servicios de Litigaci\u00f3n Civil en Florida a los habitantes del sur de Florida. Nos ocupamos de una amplia variedad &#8230;<\/p>\n","protected":false},"author":5,"featured_media":1859,"parent":0,"menu_order":0,"comment_status":"open","ping_status":"open","template":"","meta":{"footnotes":""},"class_list":["post-1877","page","type-page","status-publish","has-post-thumbnail","hentry"],"yoast_head":"<!-- This site is optimized with the Yoast SEO plugin v25.2 - https:\/\/yoast.com\/wordpress\/plugins\/seo\/ -->\n<title>Litigios civiles en Florida - Sallato and Associates - Attorneys at Law Miami<\/title>\n<meta name=\"robots\" content=\"index, follow, max-snippet:-1, max-image-preview:large, max-video-preview:-1\" \/>\n<link rel=\"canonical\" href=\"https:\/\/sallatoandassociates.com\/es\/litigios-civiles-en-florida\/\" \/>\n<meta property=\"og:locale\" content=\"es_ES\" \/>\n<meta property=\"og:type\" content=\"article\" \/>\n<meta property=\"og:title\" content=\"Litigios civiles en Florida - Sallato and Associates - Attorneys at Law Miami\" \/>\n<meta property=\"og:description\" content=\"Prestamos servicios de Litigaci\u00f3n Civil en Florida a los habitantes del sur de Florida. Nos ocupamos de una amplia variedad ...\" \/>\n<meta property=\"og:url\" content=\"https:\/\/sallatoandassociates.com\/es\/litigios-civiles-en-florida\/\" \/>\n<meta property=\"og:site_name\" content=\"Sallato and Associates - Attorneys at Law Miami\" \/>\n<meta property=\"article:publisher\" content=\"https:\/\/www.facebook.com\/Sallato-Associates-PA-816422088378998\/info\/?tab=page_info\" \/>\n<meta property=\"og:image\" content=\"https:\/\/sallatoandassociates.com\/site\/uploads\/2014\/05\/Lawyer-1024x5171.jpg\" \/>\n\t<meta property=\"og:image:width\" content=\"1024\" \/>\n\t<meta property=\"og:image:height\" content=\"517\" \/>\n\t<meta property=\"og:image:type\" content=\"image\/jpeg\" \/>\n<meta name=\"twitter:label1\" content=\"Tiempo de lectura\" \/>\n\t<meta name=\"twitter:data1\" content=\"1 minuto\" \/>\n<script type=\"application\/ld+json\" class=\"yoast-schema-graph\">{\"@context\":\"https:\/\/schema.org\",\"@graph\":[{\"@type\":\"WebPage\",\"@id\":\"https:\/\/sallatoandassociates.com\/es\/litigios-civiles-en-florida\/\",\"url\":\"https:\/\/sallatoandassociates.com\/es\/litigios-civiles-en-florida\/\",\"name\":\"Litigios civiles en Florida - Sallato and Associates - Attorneys at Law Miami\",\"isPartOf\":{\"@id\":\"https:\/\/sallatoandassociates.com\/#website\"},\"primaryImageOfPage\":{\"@id\":\"https:\/\/sallatoandassociates.com\/es\/litigios-civiles-en-florida\/#primaryimage\"},\"image\":{\"@id\":\"https:\/\/sallatoandassociates.com\/es\/litigios-civiles-en-florida\/#primaryimage\"},\"thumbnailUrl\":\"https:\/\/sallatoandassociates.com\/site\/uploads\/2014\/05\/Lawyer-1024x5171.jpg\",\"datePublished\":\"2024-10-22T19:13:52+00:00\",\"breadcrumb\":{\"@id\":\"https:\/\/sallatoandassociates.com\/es\/litigios-civiles-en-florida\/#breadcrumb\"},\"inLanguage\":\"es\",\"potentialAction\":[{\"@type\":\"ReadAction\",\"target\":[\"https:\/\/sallatoandassociates.com\/es\/litigios-civiles-en-florida\/\"]}]},{\"@type\":\"ImageObject\",\"inLanguage\":\"es\",\"@id\":\"https:\/\/sallatoandassociates.com\/es\/litigios-civiles-en-florida\/#primaryimage\",\"url\":\"https:\/\/sallatoandassociates.com\/site\/uploads\/2014\/05\/Lawyer-1024x5171.jpg\",\"contentUrl\":\"https:\/\/sallatoandassociates.com\/site\/uploads\/2014\/05\/Lawyer-1024x5171.jpg\",\"width\":1024,\"height\":517},{\"@type\":\"BreadcrumbList\",\"@id\":\"https:\/\/sallatoandassociates.com\/es\/litigios-civiles-en-florida\/#breadcrumb\",\"itemListElement\":[{\"@type\":\"ListItem\",\"position\":1,\"name\":\"Home\",\"item\":\"https:\/\/sallatoandassociates.com\/es\/\"},{\"@type\":\"ListItem\",\"position\":2,\"name\":\"Litigios civiles en Florida\"}]},{\"@type\":\"WebSite\",\"@id\":\"https:\/\/sallatoandassociates.com\/#website\",\"url\":\"https:\/\/sallatoandassociates.com\/\",\"name\":\"Sallato and Associates - Attorneys at Law Miami\",\"description\":\"Board Certified Family Attorney\",\"potentialAction\":[{\"@type\":\"SearchAction\",\"target\":{\"@type\":\"EntryPoint\",\"urlTemplate\":\"https:\/\/sallatoandassociates.com\/?s={search_term_string}\"},\"query-input\":{\"@type\":\"PropertyValueSpecification\",\"valueRequired\":true,\"valueName\":\"search_term_string\"}}],\"inLanguage\":\"es\"}]}<\/script>\n<!-- \/ Yoast SEO plugin. -->","yoast_head_json":{"title":"Litigios civiles en Florida - Sallato and Associates - Attorneys at Law Miami","robots":{"index":"index","follow":"follow","max-snippet":"max-snippet:-1","max-image-preview":"max-image-preview:large","max-video-preview":"max-video-preview:-1"},"canonical":"https:\/\/sallatoandassociates.com\/es\/litigios-civiles-en-florida\/","og_locale":"es_ES","og_type":"article","og_title":"Litigios civiles en Florida - Sallato and Associates - Attorneys at Law Miami","og_description":"Prestamos servicios de Litigaci\u00f3n Civil en Florida a los habitantes del sur de Florida. Nos ocupamos de una amplia variedad ...","og_url":"https:\/\/sallatoandassociates.com\/es\/litigios-civiles-en-florida\/","og_site_name":"Sallato and Associates - Attorneys at Law Miami","article_publisher":"https:\/\/www.facebook.com\/Sallato-Associates-PA-816422088378998\/info\/?tab=page_info","og_image":[{"width":1024,"height":517,"url":"https:\/\/sallatoandassociates.com\/site\/uploads\/2014\/05\/Lawyer-1024x5171.jpg","type":"image\/jpeg"}],"twitter_misc":{"Tiempo de lectura":"1 minuto"},"schema":{"@context":"https:\/\/schema.org","@graph":[{"@type":"WebPage","@id":"https:\/\/sallatoandassociates.com\/es\/litigios-civiles-en-florida\/","url":"https:\/\/sallatoandassociates.com\/es\/litigios-civiles-en-florida\/","name":"Litigios civiles en Florida - Sallato and Associates - Attorneys at Law Miami","isPartOf":{"@id":"https:\/\/sallatoandassociates.com\/#website"},"primaryImageOfPage":{"@id":"https:\/\/sallatoandassociates.com\/es\/litigios-civiles-en-florida\/#primaryimage"},"image":{"@id":"https:\/\/sallatoandassociates.com\/es\/litigios-civiles-en-florida\/#primaryimage"},"thumbnailUrl":"https:\/\/sallatoandassociates.com\/site\/uploads\/2014\/05\/Lawyer-1024x5171.jpg","datePublished":"2024-10-22T19:13:52+00:00","breadcrumb":{"@id":"https:\/\/sallatoandassociates.com\/es\/litigios-civiles-en-florida\/#breadcrumb"},"inLanguage":"es","potentialAction":[{"@type":"ReadAction","target":["https:\/\/sallatoandassociates.com\/es\/litigios-civiles-en-florida\/"]}]},{"@type":"ImageObject","inLanguage":"es","@id":"https:\/\/sallatoandassociates.com\/es\/litigios-civiles-en-florida\/#primaryimage","url":"https:\/\/sallatoandassociates.com\/site\/uploads\/2014\/05\/Lawyer-1024x5171.jpg","contentUrl":"https:\/\/sallatoandassociates.com\/site\/uploads\/2014\/05\/Lawyer-1024x5171.jpg","width":1024,"height":517},{"@type":"BreadcrumbList","@id":"https:\/\/sallatoandassociates.com\/es\/litigios-civiles-en-florida\/#breadcrumb","itemListElement":[{"@type":"ListItem","position":1,"name":"Home","item":"https:\/\/sallatoandassociates.com\/es\/"},{"@type":"ListItem","position":2,"name":"Litigios civiles en Florida"}]},{"@type":"WebSite","@id":"https:\/\/sallatoandassociates.com\/#website","url":"https:\/\/sallatoandassociates.com\/","name":"Sallato and Associates - Attorneys at Law Miami","description":"Board Certified Family Attorney","potentialAction":[{"@type":"SearchAction","target":{"@type":"EntryPoint","urlTemplate":"https:\/\/sallatoandassociates.com\/?s={search_term_string}"},"query-input":{"@type":"PropertyValueSpecification","valueRequired":true,"valueName":"search_term_string"}}],"inLanguage":"es"}]}},"_links":{"self":[{"href":"https:\/\/sallatoandassociates.com\/es\/wp-json\/wp\/v2\/pages\/1877"}],"collection":[{"href":"https:\/\/sallatoandassociates.com\/es\/wp-json\/wp\/v2\/pages"}],"about":[{"href":"https:\/\/sallatoandassociates.com\/es\/wp-json\/wp\/v2\/types\/page"}],"author":[{"embeddable":true,"href":"https:\/\/sallatoandassociates.com\/es\/wp-json\/wp\/v2\/users\/5"}],"replies":[{"embeddable":true,"href":"https:\/\/sallatoandassociates.com\/es\/wp-json\/wp\/v2\/comments?post=1877"}],"version-history":[{"count":0,"href":"https:\/\/sallatoandassociates.com\/es\/wp-json\/wp\/v2\/pages\/1877\/revisions"}],"wp:featuredmedia":[{"embeddable":true,"href":"https:\/\/sallatoandassociates.com\/es\/wp-json\/wp\/v2\/media\/1859"}],"wp:attachment":[{"href":"https:\/\/sallatoandassociates.com\/es\/wp-json\/wp\/v2\/media?parent=1877"}],"curies":[{"name":"wp","href":"https:\/\/api.w.org\/{rel}","templated":true}]}}