{"id":1875,"date":"2024-10-22T15:13:50","date_gmt":"2024-10-22T19:13:50","guid":{"rendered":"https:\/\/mariatsallato.com\/otras-areas-de-especializacion\/"},"modified":"2024-10-22T15:13:50","modified_gmt":"2024-10-22T19:13:50","slug":"otras-areas-de-especializacion","status":"publish","type":"page","link":"https:\/\/sallatoandassociates.com\/es\/otras-areas-de-especializacion\/","title":{"rendered":"Otras \u00e1reas de especializaci\u00f3n:"},"content":{"rendered":"<h3>Otras \u00e1reas de especializaci\u00f3n:<\/h3>\n<p>Maria Teresa Sallato es una abogada de Miami con muchos a\u00f1os de experiencia en las siguientes \u00e1reas:<\/p>\n<ul>\n<li>secuestro parental<\/li>\n<li>abogado para sustracci\u00f3n de menores<\/li>\n<li>sustracci\u00f3n internacional de menores<\/li>\n<li>Abogado de divorcio en Miami<\/li>\n<li>abogado de divorcios colegiado<\/li>\n<li>abogado de divorcios titulado<\/li>\n<li>abogado experto en divorcios<\/li>\n<li>Abogado del Convenio de La Haya<\/li>\n<li>Abogado del Convenio de La Haya<\/li>\n<li>abogado de custodia de menores<\/li>\n<li>abogado de custodia internacional<\/li>\n<li>abogado de reubicaci\u00f3n<\/li>\n<li>abogado de reubicaci\u00f3n internacional<\/li>\n<li>adopci\u00f3n<\/li>\n<li>adopci\u00f3n homoparental<\/li>\n<\/ul>\n","protected":false},"excerpt":{"rendered":"<p>Otras \u00e1reas de especializaci\u00f3n: Maria Teresa Sallato es una abogada de Miami con muchos a\u00f1os de experiencia en las siguientes &#8230;<\/p>\n","protected":false},"author":4,"featured_media":0,"parent":0,"menu_order":0,"comment_status":"open","ping_status":"open","template":"","meta":{"footnotes":""},"class_list":["post-1875","page","type-page","status-publish","hentry"],"yoast_head":"<!-- This site is optimized with the Yoast SEO plugin v25.2 - https:\/\/yoast.com\/wordpress\/plugins\/seo\/ -->\n<title>\u00c1reas de especializaci\u00f3n | Maria T Sallato - Abogada Miami<\/title>\n<meta name=\"description\" content=\"Otras \u00e1reas de especializaci\u00f3n de la abogada de Miami Maria T. Sallato: derecho de familia, divorcio, secuestro parental, sustracci\u00f3n internacional de menores, sucesiones, testamentos,\" \/>\n<meta name=\"robots\" content=\"index, follow, max-snippet:-1, max-image-preview:large, max-video-preview:-1\" \/>\n<link rel=\"canonical\" href=\"https:\/\/sallatoandassociates.com\/es\/otras-areas-de-especializacion\/\" \/>\n<meta property=\"og:locale\" content=\"es_ES\" \/>\n<meta property=\"og:type\" content=\"article\" \/>\n<meta property=\"og:title\" content=\"\u00c1reas de especializaci\u00f3n | Maria T Sallato - Abogada Miami\" \/>\n<meta property=\"og:description\" content=\"Otras \u00e1reas de especializaci\u00f3n de la abogada de Miami Maria T. Sallato: derecho de familia, divorcio, secuestro parental, sustracci\u00f3n internacional de menores, sucesiones, testamentos,\" \/>\n<meta property=\"og:url\" content=\"https:\/\/sallatoandassociates.com\/es\/otras-areas-de-especializacion\/\" \/>\n<meta property=\"og:site_name\" content=\"Sallato and Associates - Attorneys at Law Miami\" \/>\n<meta property=\"article:publisher\" content=\"https:\/\/www.facebook.com\/Sallato-Associates-PA-816422088378998\/info\/?tab=page_info\" \/>\n<script type=\"application\/ld+json\" class=\"yoast-schema-graph\">{\"@context\":\"https:\/\/schema.org\",\"@graph\":[{\"@type\":\"WebPage\",\"@id\":\"https:\/\/sallatoandassociates.com\/es\/otras-areas-de-especializacion\/\",\"url\":\"https:\/\/sallatoandassociates.com\/es\/otras-areas-de-especializacion\/\",\"name\":\"\u00c1reas de especializaci\u00f3n | Maria T Sallato - Abogada Miami\",\"isPartOf\":{\"@id\":\"https:\/\/sallatoandassociates.com\/#website\"},\"datePublished\":\"2024-10-22T19:13:50+00:00\",\"description\":\"Otras \u00e1reas de especializaci\u00f3n de la abogada de Miami Maria T. Sallato: derecho de familia, divorcio, secuestro parental, sustracci\u00f3n internacional de menores, sucesiones, testamentos,\",\"breadcrumb\":{\"@id\":\"https:\/\/sallatoandassociates.com\/es\/otras-areas-de-especializacion\/#breadcrumb\"},\"inLanguage\":\"es\",\"potentialAction\":[{\"@type\":\"ReadAction\",\"target\":[\"https:\/\/sallatoandassociates.com\/es\/otras-areas-de-especializacion\/\"]}]},{\"@type\":\"BreadcrumbList\",\"@id\":\"https:\/\/sallatoandassociates.com\/es\/otras-areas-de-especializacion\/#breadcrumb\",\"itemListElement\":[{\"@type\":\"ListItem\",\"position\":1,\"name\":\"Home\",\"item\":\"https:\/\/sallatoandassociates.com\/es\/\"},{\"@type\":\"ListItem\",\"position\":2,\"name\":\"Otras \u00e1reas de especializaci\u00f3n:\"}]},{\"@type\":\"WebSite\",\"@id\":\"https:\/\/sallatoandassociates.com\/#website\",\"url\":\"https:\/\/sallatoandassociates.com\/\",\"name\":\"Sallato and Associates - Attorneys at Law Miami\",\"description\":\"Board Certified Family Attorney\",\"potentialAction\":[{\"@type\":\"SearchAction\",\"target\":{\"@type\":\"EntryPoint\",\"urlTemplate\":\"https:\/\/sallatoandassociates.com\/?s={search_term_string}\"},\"query-input\":{\"@type\":\"PropertyValueSpecification\",\"valueRequired\":true,\"valueName\":\"search_term_string\"}}],\"inLanguage\":\"es\"}]}<\/script>\n<!-- \/ Yoast SEO plugin. -->","yoast_head_json":{"title":"\u00c1reas de especializaci\u00f3n | Maria T Sallato - Abogada Miami","description":"Otras \u00e1reas de especializaci\u00f3n de la abogada de Miami Maria T. Sallato: derecho de familia, divorcio, secuestro parental, sustracci\u00f3n internacional de menores, sucesiones, testamentos,","robots":{"index":"index","follow":"follow","max-snippet":"max-snippet:-1","max-image-preview":"max-image-preview:large","max-video-preview":"max-video-preview:-1"},"canonical":"https:\/\/sallatoandassociates.com\/es\/otras-areas-de-especializacion\/","og_locale":"es_ES","og_type":"article","og_title":"\u00c1reas de especializaci\u00f3n | Maria T Sallato - Abogada Miami","og_description":"Otras \u00e1reas de especializaci\u00f3n de la abogada de Miami Maria T. Sallato: derecho de familia, divorcio, secuestro parental, sustracci\u00f3n internacional de menores, sucesiones, testamentos,","og_url":"https:\/\/sallatoandassociates.com\/es\/otras-areas-de-especializacion\/","og_site_name":"Sallato and Associates - Attorneys at Law Miami","article_publisher":"https:\/\/www.facebook.com\/Sallato-Associates-PA-816422088378998\/info\/?tab=page_info","schema":{"@context":"https:\/\/schema.org","@graph":[{"@type":"WebPage","@id":"https:\/\/sallatoandassociates.com\/es\/otras-areas-de-especializacion\/","url":"https:\/\/sallatoandassociates.com\/es\/otras-areas-de-especializacion\/","name":"\u00c1reas de especializaci\u00f3n | Maria T Sallato - Abogada Miami","isPartOf":{"@id":"https:\/\/sallatoandassociates.com\/#website"},"datePublished":"2024-10-22T19:13:50+00:00","description":"Otras \u00e1reas de especializaci\u00f3n de la abogada de Miami Maria T. Sallato: derecho de familia, divorcio, secuestro parental, sustracci\u00f3n internacional de menores, sucesiones, testamentos,","breadcrumb":{"@id":"https:\/\/sallatoandassociates.com\/es\/otras-areas-de-especializacion\/#breadcrumb"},"inLanguage":"es","potentialAction":[{"@type":"ReadAction","target":["https:\/\/sallatoandassociates.com\/es\/otras-areas-de-especializacion\/"]}]},{"@type":"BreadcrumbList","@id":"https:\/\/sallatoandassociates.com\/es\/otras-areas-de-especializacion\/#breadcrumb","itemListElement":[{"@type":"ListItem","position":1,"name":"Home","item":"https:\/\/sallatoandassociates.com\/es\/"},{"@type":"ListItem","position":2,"name":"Otras \u00e1reas de especializaci\u00f3n:"}]},{"@type":"WebSite","@id":"https:\/\/sallatoandassociates.com\/#website","url":"https:\/\/sallatoandassociates.com\/","name":"Sallato and Associates - Attorneys at Law Miami","description":"Board Certified Family Attorney","potentialAction":[{"@type":"SearchAction","target":{"@type":"EntryPoint","urlTemplate":"https:\/\/sallatoandassociates.com\/?s={search_term_string}"},"query-input":{"@type":"PropertyValueSpecification","valueRequired":true,"valueName":"search_term_string"}}],"inLanguage":"es"}]}},"_links":{"self":[{"href":"https:\/\/sallatoandassociates.com\/es\/wp-json\/wp\/v2\/pages\/1875"}],"collection":[{"href":"https:\/\/sallatoandassociates.com\/es\/wp-json\/wp\/v2\/pages"}],"about":[{"href":"https:\/\/sallatoandassociates.com\/es\/wp-json\/wp\/v2\/types\/page"}],"author":[{"embeddable":true,"href":"https:\/\/sallatoandassociates.com\/es\/wp-json\/wp\/v2\/users\/4"}],"replies":[{"embeddable":true,"href":"https:\/\/sallatoandassociates.com\/es\/wp-json\/wp\/v2\/comments?post=1875"}],"version-history":[{"count":0,"href":"https:\/\/sallatoandassociates.com\/es\/wp-json\/wp\/v2\/pages\/1875\/revisions"}],"wp:attachment":[{"href":"https:\/\/sallatoandassociates.com\/es\/wp-json\/wp\/v2\/media?parent=1875"}],"curies":[{"name":"wp","href":"https:\/\/api.w.org\/{rel}","templated":true}]}}