{"id":1871,"date":"2024-10-22T15:13:48","date_gmt":"2024-10-22T19:13:48","guid":{"rendered":"https:\/\/mariatsallato.com\/politica-de-privacidad\/"},"modified":"2024-10-22T15:13:48","modified_gmt":"2024-10-22T19:13:48","slug":"politica-de-privacidad","status":"publish","type":"page","link":"https:\/\/sallatoandassociates.com\/es\/politica-de-privacidad\/","title":{"rendered":"Pol\u00edtica de privacidad"},"content":{"rendered":"<h1><strong>Pol\u00edtica de privacidad  <\/strong><\/h1>\n<p>En SALLATO &amp; ASSOCIATES, P.A. Law Firm (www.sallatoandassociates.com) respetamos tu intimidad, y estamos comprometidos con la privacidad y la confidencialidad. Esta Pol\u00edtica de Privacidad describe la informaci\u00f3n que el Bufete recibe de las consultas recibidas a trav\u00e9s del sitio web del Bufete. Las preguntas relativas a esta declaraci\u00f3n deben dirigirse a SALLATO &amp; ASSOCIATES, P.A. en la direcci\u00f3n <u><a href=\"mailto:service@sallatoandassociates.com\">service@sallatoandassociates.com<\/a><\/u>.  <\/p>\n<h3><strong>Tu informaci\u00f3n<\/strong><\/h3>\n<p>Cuando te pones en contacto con el bufete SALLATO &amp; ASSOCIATES, P.A. a trav\u00e9s de este sitio web, te pedimos que nos facilites informaci\u00f3n sobre tus necesidades jur\u00eddicas. Adem\u00e1s, te pedimos que proporciones datos como tu nombre, tel\u00e9fono, direcci\u00f3n de correo electr\u00f3nico y otra informaci\u00f3n adicional. La informaci\u00f3n facilitada ser\u00e1 revisada por el Bufete SALLATO &amp; ASSOCIATES, P.A. con el fin de responder a tu consulta. Se mantendr\u00e1 la confidencialidad de la siguiente informaci\u00f3n personal que pueda ponerse a disposici\u00f3n del abogado o del bufete al navegar por el sitio: <\/p>\n<ul>\n<li>Nombre y apellidos, Empresa, domicilio, direcci\u00f3n postal u otra direcci\u00f3n f\u00edsica<\/li>\n<li>Otra informaci\u00f3n de contacto, por ejemplo, n\u00famero de tel\u00e9fono, n\u00famero de fax, direcci\u00f3n de correo electr\u00f3nico y otra informaci\u00f3n similar<\/li>\n<li>Ocupaci\u00f3n<\/li>\n<li>T\u00edtulo o cargo en una empresa u organizaci\u00f3n<\/li>\n<li>Industria<\/li>\n<li>Cualquier otra informaci\u00f3n que nos proporciones para que podamos evaluar si podemos ayudarte.<\/li>\n<\/ul>\n<p>Algunos ejemplos de situaciones en las que nuestros visitantes facilitan sus datos personales son, entre otros:<\/p>\n<ul>\n<li>Enviando correos electr\u00f3nicos, llamando o comunic\u00e1ndote con el abogado o el bufete.<\/li>\n<li>Publicando una pregunta o comentario a trav\u00e9s del sitio web.<\/li>\n<li>Participar en una encuesta online.<\/li>\n<li>Inscribirte para asistir a un seminario o a cualquier acto.<\/li>\n<li>Solicitar la inclusi\u00f3n en una lista de correo electr\u00f3nico o de otro tipo.<\/li>\n<li>Cualquier otro motivo relacionado con la empresa.<\/li>\n<\/ul>\n<p>El abogado o bufete te ofrece la posibilidad de aceptar o rechazar que facilites tus datos personales a trav\u00e9s de Internet. El abogado o bufete te informar\u00e1 de la finalidad de la recogida y no tiene intenci\u00f3n de transferir tus datos personales a terceros sin tu consentimiento. La pol\u00edtica del bufete SALLATO &amp; ASSOCIATES, P.A. es respetar la privacidad de sus clientes. NO ERES UN CLIENTE Y NO EXISTE UNA RELACI\u00d3N ABOGADO-CLIENTE POR EL MERO HECHO DE ENVIAR UNA CONSULTA HASTA QUE SEAS CONTRATADO Y PAGUES UN ANTICIPO AL BUFETE DE ABOGADOS SALLATO &amp; ASSOCIATES, P.A. Excepto en los casos descritos anteriormente, bajo ninguna circunstancia el Bufete SALLATO &amp; ASSOCIATES, P.A. revelar\u00e1 la informaci\u00f3n facilitada por ti a ning\u00fan particular, anunciante, vendedor o cualquier otra entidad sin tu consentimiento por escrito. Si env\u00edas correspondencia a SALLATO &amp; ASSOCIATES, P.A. Law Firm, como correos electr\u00f3nicos o cartas, podemos recopilar dicha informaci\u00f3n en un archivo espec\u00edfico para ti. Podemos utilizar la informaci\u00f3n del archivo que mantenemos y otra informaci\u00f3n que obtengamos de tu uso actual y pasado del sitio web para evaluar problemas o quejas. <\/p>\n<h3><strong>Correspondencia del bufete<\/strong><\/h3>\n<p>Si quieres optar por no recibir m\u00e1s correspondencia del bufete, env\u00eda un correo electr\u00f3nico <a href=\"mailto:service@sallatoandassociates.com\">a service@sallatoandassociates.com<\/a> con la palabra &#8220;Cancelar suscripci\u00f3n&#8221; en el asunto del mensaje.<\/p>\n<h3><strong>Seguridad<\/strong><\/h3>\n<p>Tomamos precauciones internamente para proteger tu informaci\u00f3n. Aunque hacemos todo lo posible para mantener tus datos lo m\u00e1s seguros posible cuando env\u00edas informaci\u00f3n a trav\u00e9s del sitio web, tu informaci\u00f3n se env\u00eda a trav\u00e9s de Internet por correo electr\u00f3nico no cifrado, por lo que debe evitarse la transmisi\u00f3n de informaci\u00f3n sensible y confidencial a trav\u00e9s de este sitio web. <\/p>\n<h3><strong>Recopilaci\u00f3n de informaci\u00f3n sobre direcciones IP y dominios<\/strong><\/h3>\n<p>El bufete de abogados SALLATO &amp; ASSOCIATES, P.A. puede, en ocasiones, registrar direcciones IP con fines de administraci\u00f3n de sistemas. El abogado o el bufete pueden recoger informaci\u00f3n sobre el dominio para permitirnos analizar c\u00f3mo utilizan este sitio web nuestros visitantes. Estos datos nos permiten conocer mejor qu\u00e9 personas visitan nuestro sitio web, con qu\u00e9 frecuencia lo hacen y qu\u00e9 partes del sitio web visitan con m\u00e1s frecuencia. El abogado o bufete utiliza esta informaci\u00f3n para mejorar su contenido web. Esta informaci\u00f3n se recoge autom\u00e1ticamente y no requiere ninguna acci\u00f3n por tu parte.<\/p>\n<h3><strong>Uso de cookies<\/strong><\/h3>\n<p>Algunas p\u00e1ginas de este sitio web pueden utilizar &#8220;cookies&#8221;, peque\u00f1os archivos que el sitio web coloca en tu disco duro con fines de identificaci\u00f3n. Un archivo cookie puede contener informaci\u00f3n como un identificador de usuario para rastrear las p\u00e1ginas visitadas, pero la \u00fanica informaci\u00f3n personal que puede contener una cookie es la que t\u00fa mismo proporciones. Estos archivos se utilizan para el registro y la personalizaci\u00f3n del sitio web la pr\u00f3xima vez que nos visites. Algunas partes del sitio web tambi\u00e9n pueden utilizar cookies para rastrear los patrones de tr\u00e1fico de los usuarios. El abogado o bufete hace esto para determinar la utilidad de la informaci\u00f3n de nuestro sitio web para nuestros usuarios y para ver la eficacia de nuestra estructura de navegaci\u00f3n para ayudar a los usuarios a llegar a esa informaci\u00f3n. Ten en cuenta que las cookies no pueden leer datos de tu disco duro. Tu navegador web puede permitir que se te notifique cu\u00e1ndo est\u00e1s recibiendo una cookie, d\u00e1ndote la opci\u00f3n de aceptarla o no. Si prefieres no recibir cookies mientras navegas por nuestro sitio Web, puedes configurar tu navegador para que te avise antes de aceptar cookies y rechazar la cookie cuando tu navegador te avise de su presencia. Tambi\u00e9n puedes rechazar todas las cookies desactiv\u00e1ndolas en tu navegador. Si no aceptas las cookies, es posible que algunas p\u00e1ginas no funcionen completamente y que no puedas acceder a determinada informaci\u00f3n de este sitio web.  <\/p>\n<h3><strong>Enlaces a otros sitios web<\/strong><\/h3>\n<p>Este sitio web puede contener enlaces a otros sitios web y redes sociales. El bufete SALLATO &amp; ASSOCIATES, P.A. no es responsable del contenido ni de las pol\u00edticas de privacidad de los sitios web a los que enlaza. <\/p>\n<h3><strong>Eliminar Pol\u00edtica<\/strong><\/h3>\n<p>SALLATO &amp; ASSOCIATES, P.A. Law Firm no ofrece a los usuarios un medio para eliminar la informaci\u00f3n personal proporcionada a SALLATO &amp; ASSOCIATES, P.A. Law Firm.<\/p>\n<h3><strong>Cambios en esta Pol\u00edtica de Privacidad<\/strong><\/h3>\n<p>El abogado o bufete se reserva el derecho a cambiar, modificar o actualizar esta pol\u00edtica en cualquier momento y sin previo aviso. Cualquier cambio sustancial en la forma en que utilizamos tu informaci\u00f3n personal se publicar\u00e1 en este sitio web. <\/p>\n","protected":false},"excerpt":{"rendered":"<p>Pol\u00edtica de privacidad En SALLATO &amp; ASSOCIATES, P.A. Law Firm (www.sallatoandassociates.com) respetamos tu intimidad, y estamos comprometidos con la privacidad &#8230;<\/p>\n","protected":false},"author":4,"featured_media":0,"parent":0,"menu_order":0,"comment_status":"closed","ping_status":"closed","template":"","meta":{"footnotes":""},"class_list":["post-1871","page","type-page","status-publish","hentry"],"yoast_head":"<!-- This site is optimized with the Yoast SEO plugin v25.2 - https:\/\/yoast.com\/wordpress\/plugins\/seo\/ -->\n<title>Pol\u00edtica de privacidad - Sallato and Associates - Attorneys at Law Miami<\/title>\n<meta name=\"robots\" content=\"index, follow, max-snippet:-1, max-image-preview:large, max-video-preview:-1\" \/>\n<link rel=\"canonical\" href=\"https:\/\/sallatoandassociates.com\/es\/politica-de-privacidad\/\" \/>\n<meta property=\"og:locale\" content=\"es_ES\" \/>\n<meta property=\"og:type\" content=\"article\" \/>\n<meta property=\"og:title\" content=\"Pol\u00edtica de privacidad - Sallato and Associates - Attorneys at Law Miami\" \/>\n<meta property=\"og:description\" content=\"Pol\u00edtica de privacidad En SALLATO &amp; ASSOCIATES, P.A. Law Firm (www.sallatoandassociates.com) respetamos tu intimidad, y estamos comprometidos con la privacidad ...\" \/>\n<meta property=\"og:url\" content=\"https:\/\/sallatoandassociates.com\/es\/politica-de-privacidad\/\" \/>\n<meta property=\"og:site_name\" content=\"Sallato and Associates - Attorneys at Law Miami\" \/>\n<meta property=\"article:publisher\" content=\"https:\/\/www.facebook.com\/Sallato-Associates-PA-816422088378998\/info\/?tab=page_info\" \/>\n<meta name=\"twitter:label1\" content=\"Tiempo de lectura\" \/>\n\t<meta name=\"twitter:data1\" content=\"6 minutos\" \/>\n<script type=\"application\/ld+json\" class=\"yoast-schema-graph\">{\"@context\":\"https:\/\/schema.org\",\"@graph\":[{\"@type\":\"WebPage\",\"@id\":\"https:\/\/sallatoandassociates.com\/es\/politica-de-privacidad\/\",\"url\":\"https:\/\/sallatoandassociates.com\/es\/politica-de-privacidad\/\",\"name\":\"Pol\u00edtica de privacidad - Sallato and Associates - Attorneys at Law Miami\",\"isPartOf\":{\"@id\":\"https:\/\/sallatoandassociates.com\/#website\"},\"datePublished\":\"2024-10-22T19:13:48+00:00\",\"breadcrumb\":{\"@id\":\"https:\/\/sallatoandassociates.com\/es\/politica-de-privacidad\/#breadcrumb\"},\"inLanguage\":\"es\",\"potentialAction\":[{\"@type\":\"ReadAction\",\"target\":[\"https:\/\/sallatoandassociates.com\/es\/politica-de-privacidad\/\"]}]},{\"@type\":\"BreadcrumbList\",\"@id\":\"https:\/\/sallatoandassociates.com\/es\/politica-de-privacidad\/#breadcrumb\",\"itemListElement\":[{\"@type\":\"ListItem\",\"position\":1,\"name\":\"Home\",\"item\":\"https:\/\/sallatoandassociates.com\/es\/\"},{\"@type\":\"ListItem\",\"position\":2,\"name\":\"Pol\u00edtica de privacidad\"}]},{\"@type\":\"WebSite\",\"@id\":\"https:\/\/sallatoandassociates.com\/#website\",\"url\":\"https:\/\/sallatoandassociates.com\/\",\"name\":\"Sallato and Associates - Attorneys at Law Miami\",\"description\":\"Board Certified Family Attorney\",\"potentialAction\":[{\"@type\":\"SearchAction\",\"target\":{\"@type\":\"EntryPoint\",\"urlTemplate\":\"https:\/\/sallatoandassociates.com\/?s={search_term_string}\"},\"query-input\":{\"@type\":\"PropertyValueSpecification\",\"valueRequired\":true,\"valueName\":\"search_term_string\"}}],\"inLanguage\":\"es\"}]}<\/script>\n<!-- \/ Yoast SEO plugin. -->","yoast_head_json":{"title":"Pol\u00edtica de privacidad - Sallato and Associates - Attorneys at Law Miami","robots":{"index":"index","follow":"follow","max-snippet":"max-snippet:-1","max-image-preview":"max-image-preview:large","max-video-preview":"max-video-preview:-1"},"canonical":"https:\/\/sallatoandassociates.com\/es\/politica-de-privacidad\/","og_locale":"es_ES","og_type":"article","og_title":"Pol\u00edtica de privacidad - Sallato and Associates - Attorneys at Law Miami","og_description":"Pol\u00edtica de privacidad En SALLATO &amp; ASSOCIATES, P.A. Law Firm (www.sallatoandassociates.com) respetamos tu intimidad, y estamos comprometidos con la privacidad ...","og_url":"https:\/\/sallatoandassociates.com\/es\/politica-de-privacidad\/","og_site_name":"Sallato and Associates - Attorneys at Law Miami","article_publisher":"https:\/\/www.facebook.com\/Sallato-Associates-PA-816422088378998\/info\/?tab=page_info","twitter_misc":{"Tiempo de lectura":"6 minutos"},"schema":{"@context":"https:\/\/schema.org","@graph":[{"@type":"WebPage","@id":"https:\/\/sallatoandassociates.com\/es\/politica-de-privacidad\/","url":"https:\/\/sallatoandassociates.com\/es\/politica-de-privacidad\/","name":"Pol\u00edtica de privacidad - Sallato and Associates - Attorneys at Law Miami","isPartOf":{"@id":"https:\/\/sallatoandassociates.com\/#website"},"datePublished":"2024-10-22T19:13:48+00:00","breadcrumb":{"@id":"https:\/\/sallatoandassociates.com\/es\/politica-de-privacidad\/#breadcrumb"},"inLanguage":"es","potentialAction":[{"@type":"ReadAction","target":["https:\/\/sallatoandassociates.com\/es\/politica-de-privacidad\/"]}]},{"@type":"BreadcrumbList","@id":"https:\/\/sallatoandassociates.com\/es\/politica-de-privacidad\/#breadcrumb","itemListElement":[{"@type":"ListItem","position":1,"name":"Home","item":"https:\/\/sallatoandassociates.com\/es\/"},{"@type":"ListItem","position":2,"name":"Pol\u00edtica de privacidad"}]},{"@type":"WebSite","@id":"https:\/\/sallatoandassociates.com\/#website","url":"https:\/\/sallatoandassociates.com\/","name":"Sallato and Associates - Attorneys at Law Miami","description":"Board Certified Family Attorney","potentialAction":[{"@type":"SearchAction","target":{"@type":"EntryPoint","urlTemplate":"https:\/\/sallatoandassociates.com\/?s={search_term_string}"},"query-input":{"@type":"PropertyValueSpecification","valueRequired":true,"valueName":"search_term_string"}}],"inLanguage":"es"}]}},"_links":{"self":[{"href":"https:\/\/sallatoandassociates.com\/es\/wp-json\/wp\/v2\/pages\/1871"}],"collection":[{"href":"https:\/\/sallatoandassociates.com\/es\/wp-json\/wp\/v2\/pages"}],"about":[{"href":"https:\/\/sallatoandassociates.com\/es\/wp-json\/wp\/v2\/types\/page"}],"author":[{"embeddable":true,"href":"https:\/\/sallatoandassociates.com\/es\/wp-json\/wp\/v2\/users\/4"}],"replies":[{"embeddable":true,"href":"https:\/\/sallatoandassociates.com\/es\/wp-json\/wp\/v2\/comments?post=1871"}],"version-history":[{"count":0,"href":"https:\/\/sallatoandassociates.com\/es\/wp-json\/wp\/v2\/pages\/1871\/revisions"}],"wp:attachment":[{"href":"https:\/\/sallatoandassociates.com\/es\/wp-json\/wp\/v2\/media?parent=1871"}],"curies":[{"name":"wp","href":"https:\/\/api.w.org\/{rel}","templated":true}]}}