{"id":1869,"date":"2024-10-22T15:13:47","date_gmt":"2024-10-22T19:13:47","guid":{"rendered":"https:\/\/mariatsallato.com\/abogado-de-custodia-de-menores-en-miami\/"},"modified":"2024-10-22T15:13:47","modified_gmt":"2024-10-22T19:13:47","slug":"abogado-de-custodia-de-menores-en-miami","status":"publish","type":"page","link":"https:\/\/sallatoandassociates.com\/es\/abogado-de-custodia-de-menores-en-miami\/","title":{"rendered":"Abogado de custodia de menores en Miami"},"content":{"rendered":"<p>Cuando los padres se ponen en contacto con el bufete preguntando por la &#8220;custodia de los hijos&#8221;, a menudo se refieren a lo que en Florida se conoce como &#8220;Tiempo Compartido&#8221;. El tiempo compartido es una parte de un acuerdo que se denomina &#8220;Plan de crianza&#8221;. Lo que ocurre es que los padres, antes de divorciarse o separarse de su pareja, pronto se dan cuenta de que el otro progenitor de su hijo puede tener ideas distintas de las suyas para el futuro del ni\u00f1o. El estado de Florida intenta abordar estas cuestiones ofreciendo a estos padres la oportunidad de redactar lo que se denomina un &#8220;Plan de Crianza&#8221;. Estos planes de crianza permiten compartir la responsabilidad parental y establecen las condiciones en las que los progenitores toman decisiones, as\u00ed como los momentos en los que pueden estar f\u00edsicamente presentes con el menor. Este establecimiento de los momentos en que los progenitores pueden estar f\u00edsicamente presentes con el menor (vacaciones, fines de semana, d\u00edas laborables, etc.) se denomina parte de tiempo compartido del plan de crianza (a menudo se denomina custodia de los hijos). Estos acuerdos de plan de parentalidad son una idea excelente para las parejas que tienen un hijo en com\u00fan, pero que nunca estuvieron casadas. Esto es as\u00ed porque pueden surgir conflictos en los 18 a\u00f1os anteriores a que el hijo alcance la mayor\u00eda de edad, y tener un acuerdo establecido proporciona a cada progenitor la tranquilidad de recurrir al acuerdo para determinar cu\u00e1les son sus derechos y obligaciones en relaci\u00f3n con la disputa. Adem\u00e1s, si surge una disputa y uno de los progenitores incumple el Plan de Paternidad, los Tribunales de Familia de Miami pueden intervenir y hacer cumplir el acuerdo. En realidad, estos acuerdos son obligatorios para los residentes en Florida que tienen hijos en com\u00fan y presentan una petici\u00f3n de disoluci\u00f3n (divorcio). Si tienes alguna pregunta sobre asuntos relacionados con la custodia de los hijos en Florida, el bufete de abogados de familia de Miami Law Offices of Jeffrey Alan Aenlle, PA puede ayudarte. No dudes en llamarnos si tienes alguna pregunta.     <\/p>\n<p>&nbsp;<\/p>\n","protected":false},"excerpt":{"rendered":"<p>Cuando los padres se ponen en contacto con el bufete preguntando por la &#8220;custodia de los hijos&#8221;, a menudo se &#8230;<\/p>\n","protected":false},"author":5,"featured_media":0,"parent":0,"menu_order":0,"comment_status":"open","ping_status":"open","template":"","meta":{"footnotes":""},"class_list":["post-1869","page","type-page","status-publish","hentry"],"yoast_head":"<!-- This site is optimized with the Yoast SEO plugin v25.2 - https:\/\/yoast.com\/wordpress\/plugins\/seo\/ -->\n<title>Derecho de familia internacional - Miami | Maria T. Sallato<\/title>\n<meta name=\"description\" content=\"Abogado derecho de familia internacional Miami, Sustracci\u00f3n internacional e interestatal de menores, Asuntos matrimoniales complejos, Secuestro parental, Divorcio, Adopci\u00f3n\" \/>\n<meta name=\"robots\" content=\"index, follow, max-snippet:-1, max-image-preview:large, max-video-preview:-1\" \/>\n<link rel=\"canonical\" href=\"https:\/\/sallatoandassociates.com\/es\/abogado-de-custodia-de-menores-en-miami\/\" \/>\n<meta property=\"og:locale\" content=\"es_ES\" \/>\n<meta property=\"og:type\" content=\"article\" \/>\n<meta property=\"og:title\" content=\"Derecho de familia internacional - Miami | Maria T. Sallato\" \/>\n<meta property=\"og:description\" content=\"Abogado derecho de familia internacional Miami, Sustracci\u00f3n internacional e interestatal de menores, Asuntos matrimoniales complejos, Secuestro parental, Divorcio, Adopci\u00f3n\" \/>\n<meta property=\"og:url\" content=\"https:\/\/sallatoandassociates.com\/es\/abogado-de-custodia-de-menores-en-miami\/\" \/>\n<meta property=\"og:site_name\" content=\"Sallato and Associates - Attorneys at Law Miami\" \/>\n<meta property=\"article:publisher\" content=\"https:\/\/www.facebook.com\/Sallato-Associates-PA-816422088378998\/info\/?tab=page_info\" \/>\n<meta name=\"twitter:label1\" content=\"Tiempo de lectura\" \/>\n\t<meta name=\"twitter:data1\" content=\"2 minutos\" \/>\n<script type=\"application\/ld+json\" class=\"yoast-schema-graph\">{\"@context\":\"https:\/\/schema.org\",\"@graph\":[{\"@type\":\"WebPage\",\"@id\":\"https:\/\/sallatoandassociates.com\/es\/abogado-de-custodia-de-menores-en-miami\/\",\"url\":\"https:\/\/sallatoandassociates.com\/es\/abogado-de-custodia-de-menores-en-miami\/\",\"name\":\"Derecho de familia internacional - Miami | Maria T. Sallato\",\"isPartOf\":{\"@id\":\"https:\/\/sallatoandassociates.com\/#website\"},\"datePublished\":\"2024-10-22T19:13:47+00:00\",\"description\":\"Abogado derecho de familia internacional Miami, Sustracci\u00f3n internacional e interestatal de menores, Asuntos matrimoniales complejos, Secuestro parental, Divorcio, Adopci\u00f3n\",\"breadcrumb\":{\"@id\":\"https:\/\/sallatoandassociates.com\/es\/abogado-de-custodia-de-menores-en-miami\/#breadcrumb\"},\"inLanguage\":\"es\",\"potentialAction\":[{\"@type\":\"ReadAction\",\"target\":[\"https:\/\/sallatoandassociates.com\/es\/abogado-de-custodia-de-menores-en-miami\/\"]}]},{\"@type\":\"BreadcrumbList\",\"@id\":\"https:\/\/sallatoandassociates.com\/es\/abogado-de-custodia-de-menores-en-miami\/#breadcrumb\",\"itemListElement\":[{\"@type\":\"ListItem\",\"position\":1,\"name\":\"Home\",\"item\":\"https:\/\/sallatoandassociates.com\/es\/\"},{\"@type\":\"ListItem\",\"position\":2,\"name\":\"Abogado de custodia de menores en Miami\"}]},{\"@type\":\"WebSite\",\"@id\":\"https:\/\/sallatoandassociates.com\/#website\",\"url\":\"https:\/\/sallatoandassociates.com\/\",\"name\":\"Sallato and Associates - Attorneys at Law Miami\",\"description\":\"Board Certified Family Attorney\",\"potentialAction\":[{\"@type\":\"SearchAction\",\"target\":{\"@type\":\"EntryPoint\",\"urlTemplate\":\"https:\/\/sallatoandassociates.com\/?s={search_term_string}\"},\"query-input\":{\"@type\":\"PropertyValueSpecification\",\"valueRequired\":true,\"valueName\":\"search_term_string\"}}],\"inLanguage\":\"es\"}]}<\/script>\n<!-- \/ Yoast SEO plugin. -->","yoast_head_json":{"title":"Derecho de familia internacional - Miami | Maria T. Sallato","description":"Abogado derecho de familia internacional Miami, Sustracci\u00f3n internacional e interestatal de menores, Asuntos matrimoniales complejos, Secuestro parental, Divorcio, Adopci\u00f3n","robots":{"index":"index","follow":"follow","max-snippet":"max-snippet:-1","max-image-preview":"max-image-preview:large","max-video-preview":"max-video-preview:-1"},"canonical":"https:\/\/sallatoandassociates.com\/es\/abogado-de-custodia-de-menores-en-miami\/","og_locale":"es_ES","og_type":"article","og_title":"Derecho de familia internacional - Miami | Maria T. Sallato","og_description":"Abogado derecho de familia internacional Miami, Sustracci\u00f3n internacional e interestatal de menores, Asuntos matrimoniales complejos, Secuestro parental, Divorcio, Adopci\u00f3n","og_url":"https:\/\/sallatoandassociates.com\/es\/abogado-de-custodia-de-menores-en-miami\/","og_site_name":"Sallato and Associates - Attorneys at Law Miami","article_publisher":"https:\/\/www.facebook.com\/Sallato-Associates-PA-816422088378998\/info\/?tab=page_info","twitter_misc":{"Tiempo de lectura":"2 minutos"},"schema":{"@context":"https:\/\/schema.org","@graph":[{"@type":"WebPage","@id":"https:\/\/sallatoandassociates.com\/es\/abogado-de-custodia-de-menores-en-miami\/","url":"https:\/\/sallatoandassociates.com\/es\/abogado-de-custodia-de-menores-en-miami\/","name":"Derecho de familia internacional - Miami | Maria T. Sallato","isPartOf":{"@id":"https:\/\/sallatoandassociates.com\/#website"},"datePublished":"2024-10-22T19:13:47+00:00","description":"Abogado derecho de familia internacional Miami, Sustracci\u00f3n internacional e interestatal de menores, Asuntos matrimoniales complejos, Secuestro parental, Divorcio, Adopci\u00f3n","breadcrumb":{"@id":"https:\/\/sallatoandassociates.com\/es\/abogado-de-custodia-de-menores-en-miami\/#breadcrumb"},"inLanguage":"es","potentialAction":[{"@type":"ReadAction","target":["https:\/\/sallatoandassociates.com\/es\/abogado-de-custodia-de-menores-en-miami\/"]}]},{"@type":"BreadcrumbList","@id":"https:\/\/sallatoandassociates.com\/es\/abogado-de-custodia-de-menores-en-miami\/#breadcrumb","itemListElement":[{"@type":"ListItem","position":1,"name":"Home","item":"https:\/\/sallatoandassociates.com\/es\/"},{"@type":"ListItem","position":2,"name":"Abogado de custodia de menores en Miami"}]},{"@type":"WebSite","@id":"https:\/\/sallatoandassociates.com\/#website","url":"https:\/\/sallatoandassociates.com\/","name":"Sallato and Associates - Attorneys at Law Miami","description":"Board Certified Family Attorney","potentialAction":[{"@type":"SearchAction","target":{"@type":"EntryPoint","urlTemplate":"https:\/\/sallatoandassociates.com\/?s={search_term_string}"},"query-input":{"@type":"PropertyValueSpecification","valueRequired":true,"valueName":"search_term_string"}}],"inLanguage":"es"}]}},"_links":{"self":[{"href":"https:\/\/sallatoandassociates.com\/es\/wp-json\/wp\/v2\/pages\/1869"}],"collection":[{"href":"https:\/\/sallatoandassociates.com\/es\/wp-json\/wp\/v2\/pages"}],"about":[{"href":"https:\/\/sallatoandassociates.com\/es\/wp-json\/wp\/v2\/types\/page"}],"author":[{"embeddable":true,"href":"https:\/\/sallatoandassociates.com\/es\/wp-json\/wp\/v2\/users\/5"}],"replies":[{"embeddable":true,"href":"https:\/\/sallatoandassociates.com\/es\/wp-json\/wp\/v2\/comments?post=1869"}],"version-history":[{"count":0,"href":"https:\/\/sallatoandassociates.com\/es\/wp-json\/wp\/v2\/pages\/1869\/revisions"}],"wp:attachment":[{"href":"https:\/\/sallatoandassociates.com\/es\/wp-json\/wp\/v2\/media?parent=1869"}],"curies":[{"name":"wp","href":"https:\/\/api.w.org\/{rel}","templated":true}]}}