{"id":1866,"date":"2024-10-22T15:13:47","date_gmt":"2024-10-22T19:13:47","guid":{"rendered":"https:\/\/mariatsallato.com\/acuerdos-prematrimoniales-de-florida\/"},"modified":"2024-10-22T15:13:47","modified_gmt":"2024-10-22T19:13:47","slug":"acuerdos-prematrimoniales-de-florida","status":"publish","type":"page","link":"https:\/\/sallatoandassociates.com\/es\/acuerdos-prematrimoniales-de-florida\/","title":{"rendered":"Acuerdos prematrimoniales de Florida"},"content":{"rendered":"<p>Los acuerdos prematrimoniales en Florida tambi\u00e9n suelen denominarse acuerdos prenupciales o acuerdos prenupciales. Los acuerdos prematrimoniales son simplemente acuerdos escritos celebrados por una pareja de novios que tienen por objeto reducir a un escrito los derechos de propiedad y las obligaciones de manutenci\u00f3n conyugal de la pareja antes de la fecha de su boda.<a href=\"http:\/\/www.flsenate.gov\/Laws\/Statutes\/2011\/61.079\" target=\"_blank\" rel=\"noopener\">(v\u00e9ase el Estatuto de Florida \u00a761.079<\/a>) Estos acuerdos suelen tratar exclusivamente cuestiones que contemplan una posible disoluci\u00f3n futura del matrimonio (divorcio). Los acuerdos prematrimoniales son claramente una buena idea para el futuro c\u00f3nyuge que tenga bienes prematrimoniales significativos, porque el acuerdo tiene el potencial de eliminar pr\u00e1cticamente (con algunas excepciones significativas conforme a la Ley Uniforme de Acuerdos Prematrimoniales codificada en la legislaci\u00f3n de Florida, defensas de derecho contractual y equitativo, etc.) la cantidad que el Tribunal de Familia de Florida puede conceder en forma de reparto equitativo y pagos de pensi\u00f3n alimenticia a los que el otro c\u00f3nyuge podr\u00eda haber tenido derecho en un proceso de divorcio. Los acuerdos prematrimoniales tambi\u00e9n pueden ser ventajosos para el futuro c\u00f3nyuge sin bienes prematrimoniales significativos, porque tienen el potencial de aclarar los derechos de manutenci\u00f3n de ese c\u00f3nyuge en caso de que fracase el matrimonio, dejando a esa parte con una sensaci\u00f3n de seguridad al quedar claros sus derechos en virtud del acuerdo. Por ejemplo, en caso de que uno de los c\u00f3nyuges cese sus actividades profesionales para quedarse en casa y criar a los hijos, el acuerdo prematrimonial puede abordar esta cuesti\u00f3n y establecer las directrices para los futuros pagos de manutenci\u00f3n. Los acuerdos prematrimoniales suelen redactarse en cuesti\u00f3n de d\u00edas, pero la revisi\u00f3n de las disposiciones del acuerdo por parte de la pareja suele llevar alg\u00fan tiempo, por lo que es buena idea hablar con un abogado de divorcios de Miami que se ocupe de los acuerdos prematrimoniales de Florida lo antes posible tras el compromiso. Si tienes alguna pregunta sobre los Acuerdos Prematrimoniales de Florida, el bufete de Derecho de Familia de Miami Law Offices of Jeffrey Alan Aenlle, PA puede ayudarte. No dudes en llamarnos si tienes alguna pregunta.<\/p>\n","protected":false},"excerpt":{"rendered":"<p>Los acuerdos prematrimoniales en Florida tambi\u00e9n suelen denominarse acuerdos prenupciales o acuerdos prenupciales. Los acuerdos prematrimoniales son simplemente acuerdos escritos &#8230;<\/p>\n","protected":false},"author":5,"featured_media":0,"parent":0,"menu_order":0,"comment_status":"open","ping_status":"open","template":"","meta":{"footnotes":""},"class_list":["post-1866","page","type-page","status-publish","hentry"],"yoast_head":"<!-- This site is optimized with the Yoast SEO plugin v25.2 - https:\/\/yoast.com\/wordpress\/plugins\/seo\/ -->\n<title>Acuerdos prematrimoniales de Florida | Acuerdos prenupciales<\/title>\n<meta name=\"description\" content=\"Los acuerdos prematrimoniales de Florida tambi\u00e9n suelen denominarse acuerdos prenupciales o acuerdos prenupciales.\" \/>\n<meta name=\"robots\" content=\"index, follow, max-snippet:-1, max-image-preview:large, max-video-preview:-1\" \/>\n<link rel=\"canonical\" href=\"https:\/\/sallatoandassociates.com\/es\/acuerdos-prematrimoniales-de-florida\/\" \/>\n<meta property=\"og:locale\" content=\"es_ES\" \/>\n<meta property=\"og:type\" content=\"article\" \/>\n<meta property=\"og:title\" content=\"Acuerdos prematrimoniales de Florida | Acuerdos prenupciales\" \/>\n<meta property=\"og:description\" content=\"Los acuerdos prematrimoniales de Florida tambi\u00e9n suelen denominarse acuerdos prenupciales o acuerdos prenupciales.\" \/>\n<meta property=\"og:url\" content=\"https:\/\/sallatoandassociates.com\/es\/acuerdos-prematrimoniales-de-florida\/\" \/>\n<meta property=\"og:site_name\" content=\"Sallato and Associates - Attorneys at Law Miami\" \/>\n<meta property=\"article:publisher\" content=\"https:\/\/www.facebook.com\/Sallato-Associates-PA-816422088378998\/info\/?tab=page_info\" \/>\n<meta name=\"twitter:label1\" content=\"Tiempo de lectura\" \/>\n\t<meta name=\"twitter:data1\" content=\"2 minutos\" \/>\n<script type=\"application\/ld+json\" class=\"yoast-schema-graph\">{\"@context\":\"https:\/\/schema.org\",\"@graph\":[{\"@type\":\"WebPage\",\"@id\":\"https:\/\/sallatoandassociates.com\/es\/acuerdos-prematrimoniales-de-florida\/\",\"url\":\"https:\/\/sallatoandassociates.com\/es\/acuerdos-prematrimoniales-de-florida\/\",\"name\":\"Acuerdos prematrimoniales de Florida | Acuerdos prenupciales\",\"isPartOf\":{\"@id\":\"https:\/\/sallatoandassociates.com\/#website\"},\"datePublished\":\"2024-10-22T19:13:47+00:00\",\"description\":\"Los acuerdos prematrimoniales de Florida tambi\u00e9n suelen denominarse acuerdos prenupciales o acuerdos prenupciales.\",\"breadcrumb\":{\"@id\":\"https:\/\/sallatoandassociates.com\/es\/acuerdos-prematrimoniales-de-florida\/#breadcrumb\"},\"inLanguage\":\"es\",\"potentialAction\":[{\"@type\":\"ReadAction\",\"target\":[\"https:\/\/sallatoandassociates.com\/es\/acuerdos-prematrimoniales-de-florida\/\"]}]},{\"@type\":\"BreadcrumbList\",\"@id\":\"https:\/\/sallatoandassociates.com\/es\/acuerdos-prematrimoniales-de-florida\/#breadcrumb\",\"itemListElement\":[{\"@type\":\"ListItem\",\"position\":1,\"name\":\"Home\",\"item\":\"https:\/\/sallatoandassociates.com\/es\/\"},{\"@type\":\"ListItem\",\"position\":2,\"name\":\"Acuerdos prematrimoniales de Florida\"}]},{\"@type\":\"WebSite\",\"@id\":\"https:\/\/sallatoandassociates.com\/#website\",\"url\":\"https:\/\/sallatoandassociates.com\/\",\"name\":\"Sallato and Associates - Attorneys at Law Miami\",\"description\":\"Board Certified Family Attorney\",\"potentialAction\":[{\"@type\":\"SearchAction\",\"target\":{\"@type\":\"EntryPoint\",\"urlTemplate\":\"https:\/\/sallatoandassociates.com\/?s={search_term_string}\"},\"query-input\":{\"@type\":\"PropertyValueSpecification\",\"valueRequired\":true,\"valueName\":\"search_term_string\"}}],\"inLanguage\":\"es\"}]}<\/script>\n<!-- \/ Yoast SEO plugin. -->","yoast_head_json":{"title":"Acuerdos prematrimoniales de Florida | Acuerdos prenupciales","description":"Los acuerdos prematrimoniales de Florida tambi\u00e9n suelen denominarse acuerdos prenupciales o acuerdos prenupciales.","robots":{"index":"index","follow":"follow","max-snippet":"max-snippet:-1","max-image-preview":"max-image-preview:large","max-video-preview":"max-video-preview:-1"},"canonical":"https:\/\/sallatoandassociates.com\/es\/acuerdos-prematrimoniales-de-florida\/","og_locale":"es_ES","og_type":"article","og_title":"Acuerdos prematrimoniales de Florida | Acuerdos prenupciales","og_description":"Los acuerdos prematrimoniales de Florida tambi\u00e9n suelen denominarse acuerdos prenupciales o acuerdos prenupciales.","og_url":"https:\/\/sallatoandassociates.com\/es\/acuerdos-prematrimoniales-de-florida\/","og_site_name":"Sallato and Associates - Attorneys at Law Miami","article_publisher":"https:\/\/www.facebook.com\/Sallato-Associates-PA-816422088378998\/info\/?tab=page_info","twitter_misc":{"Tiempo de lectura":"2 minutos"},"schema":{"@context":"https:\/\/schema.org","@graph":[{"@type":"WebPage","@id":"https:\/\/sallatoandassociates.com\/es\/acuerdos-prematrimoniales-de-florida\/","url":"https:\/\/sallatoandassociates.com\/es\/acuerdos-prematrimoniales-de-florida\/","name":"Acuerdos prematrimoniales de Florida | Acuerdos prenupciales","isPartOf":{"@id":"https:\/\/sallatoandassociates.com\/#website"},"datePublished":"2024-10-22T19:13:47+00:00","description":"Los acuerdos prematrimoniales de Florida tambi\u00e9n suelen denominarse acuerdos prenupciales o acuerdos prenupciales.","breadcrumb":{"@id":"https:\/\/sallatoandassociates.com\/es\/acuerdos-prematrimoniales-de-florida\/#breadcrumb"},"inLanguage":"es","potentialAction":[{"@type":"ReadAction","target":["https:\/\/sallatoandassociates.com\/es\/acuerdos-prematrimoniales-de-florida\/"]}]},{"@type":"BreadcrumbList","@id":"https:\/\/sallatoandassociates.com\/es\/acuerdos-prematrimoniales-de-florida\/#breadcrumb","itemListElement":[{"@type":"ListItem","position":1,"name":"Home","item":"https:\/\/sallatoandassociates.com\/es\/"},{"@type":"ListItem","position":2,"name":"Acuerdos prematrimoniales de Florida"}]},{"@type":"WebSite","@id":"https:\/\/sallatoandassociates.com\/#website","url":"https:\/\/sallatoandassociates.com\/","name":"Sallato and Associates - Attorneys at Law Miami","description":"Board Certified Family Attorney","potentialAction":[{"@type":"SearchAction","target":{"@type":"EntryPoint","urlTemplate":"https:\/\/sallatoandassociates.com\/?s={search_term_string}"},"query-input":{"@type":"PropertyValueSpecification","valueRequired":true,"valueName":"search_term_string"}}],"inLanguage":"es"}]}},"_links":{"self":[{"href":"https:\/\/sallatoandassociates.com\/es\/wp-json\/wp\/v2\/pages\/1866"}],"collection":[{"href":"https:\/\/sallatoandassociates.com\/es\/wp-json\/wp\/v2\/pages"}],"about":[{"href":"https:\/\/sallatoandassociates.com\/es\/wp-json\/wp\/v2\/types\/page"}],"author":[{"embeddable":true,"href":"https:\/\/sallatoandassociates.com\/es\/wp-json\/wp\/v2\/users\/5"}],"replies":[{"embeddable":true,"href":"https:\/\/sallatoandassociates.com\/es\/wp-json\/wp\/v2\/comments?post=1866"}],"version-history":[{"count":0,"href":"https:\/\/sallatoandassociates.com\/es\/wp-json\/wp\/v2\/pages\/1866\/revisions"}],"wp:attachment":[{"href":"https:\/\/sallatoandassociates.com\/es\/wp-json\/wp\/v2\/media?parent=1866"}],"curies":[{"name":"wp","href":"https:\/\/api.w.org\/{rel}","templated":true}]}}