{"id":1813,"date":"2024-10-22T15:05:40","date_gmt":"2024-10-22T19:05:40","guid":{"rendered":"https:\/\/mariatsallato.com\/consulta\/"},"modified":"2024-10-22T15:05:40","modified_gmt":"2024-10-22T19:05:40","slug":"consulta","status":"publish","type":"page","link":"https:\/\/sallatoandassociates.com\/es\/consulta\/","title":{"rendered":"Consulta"},"content":{"rendered":"<p>&nbsp;<\/p>\n<h5>International Family Law<\/h5>\n<p>Maria T. Sallato has extensive experience in international family law and is among the few attorneys in the United States who works with <strong>international child abduction cases.<\/strong><\/p>\n<p>There are many laws governing international family law issues and there is a broad body of international law, including various country-specific treaties like the Uniform Child Custody Jurisdiction and Enforcement Act, the International Parental Kidnapping Crime Act, and the Hague Convention.<\/p>\n<p>Our services include:<\/p>\n<ul>\n<li>Working in a cross-cultural setting<\/li>\n<li>Coordinating with foreign counsel for a comprehensive solution<\/li>\n<li>Managing complex jurisdictional issues<\/li>\n<li>Coordinating with appropriate international agencies and organizations<\/li>\n<li>Representation of children in international custody and support<\/li>\n<li>Representation in relocation and abduction cases.<\/li>\n<\/ul>\n<p>[av_icon_box icon=&#8217;ue844&#8242; font=&#8217;entypo-fontello&#8217; position=&#8217;top&#8217; title=&#8217;RELOCATION&#8217; link=&#8217;#&#8217; linktarget=&#8217;\/international-law\/&#8217; linkelement=&#8217;both&#8217;]<\/p>\n<p>Of all the potential issues that can arise in child custody cases, one of the most difficult and complicated to resolve is whether to permit the proposed relocation of the custodial parent.<\/p>\n<p>There are many reasons why a custodial parent or primary caretaker would choose to move to a new location, including a new relationship, a better career opportunity, or an improved quality of life.<\/p>\n<p>Considering the opposing interests of the parties involved and the fact-intensive nature of the issues that must be addressed in each relocation case, it is easy to understand why they are rarely settled to everyone&#8217;s satisfaction.<\/p>\n<p>[\/av_icon_box]<\/p>\n<p>[av_promobox button=&#8217;yes&#8217; label=&#8217;Click me&#8217; link=&#8217;\/contact\/&#8217; link_target=&#8221; color=&#8217;theme-color&#8217; custom_bg=&#8217;#444444&#8242; custom_font=&#8217;#ffffff&#8217; size=&#8217;large&#8217; icon_select=&#8217;yes&#8217; icon=&#8217;ue805&#8242; font=&#8217;entypo-fontello&#8217;]<\/p>\n<h2>Free Consultations are Available<\/h2>\n<p>[\/av_promobox]<\/p>\n<p>&nbsp;<\/p>\n<h4>Areas of expertise:<\/h4>\n<p>&nbsp;<\/p>\n<ul>\n<ul>\n<li>INTERNATIONAL FAMILY ABDUCTION MIAMI<\/li>\n<li>INTERNATIONAL CHILD ABDUCTION ATTORNEY<\/li>\n<li>PARENTAL KIDNAPPING ATTORNEY<\/li>\n<li>INTERNATIONAL FAMILY ABDUCTION<\/li>\n<li>HAGUE CONVENTION ATTORNEY MIAMI<\/li>\n<li>BOARD CERTIFIED DIVORCE ATTORNEY MIAMI<\/li>\n<li>FLORIDA BOARD CERTIFIED MARITAL LAW<\/li>\n<li>MIAMI ATTORNEY COMPLEX MATRIMONIAL MATTERS<\/li>\n<\/ul>\n<\/ul>\n<p>&nbsp;<\/p>\n","protected":false},"excerpt":{"rendered":"<p>&nbsp; International Family Law Maria T. Sallato has extensive experience in international family law and is among the few attorneys &#8230;<\/p>\n","protected":false},"author":4,"featured_media":0,"parent":0,"menu_order":0,"comment_status":"open","ping_status":"open","template":"","meta":{"footnotes":""},"class_list":["post-1813","page","type-page","status-publish","hentry"],"yoast_head":"<!-- This site is optimized with the Yoast SEO plugin v25.2 - https:\/\/yoast.com\/wordpress\/plugins\/seo\/ -->\n<title>Derecho de Familia Internacional | Maria T. Sallato<\/title>\n<meta name=\"description\" content=\"Maria T. Sallato tiene experiencia en Derecho de Familia Internacional, Convenci\u00f3n de La Haya, sustracci\u00f3n de menores por sus padres, acuerdos de adopci\u00f3n entre pa\u00edses.\" \/>\n<meta name=\"robots\" content=\"index, follow, max-snippet:-1, max-image-preview:large, max-video-preview:-1\" \/>\n<link rel=\"canonical\" href=\"https:\/\/sallatoandassociates.com\/es\/consulta\/\" \/>\n<meta property=\"og:locale\" content=\"es_ES\" \/>\n<meta property=\"og:type\" content=\"article\" \/>\n<meta property=\"og:title\" content=\"Derecho de Familia Internacional | Maria T. Sallato\" \/>\n<meta property=\"og:description\" content=\"Maria T. Sallato tiene experiencia en Derecho de Familia Internacional, Convenci\u00f3n de La Haya, sustracci\u00f3n de menores por sus padres, acuerdos de adopci\u00f3n entre pa\u00edses.\" \/>\n<meta property=\"og:url\" content=\"https:\/\/sallatoandassociates.com\/es\/consulta\/\" \/>\n<meta property=\"og:site_name\" content=\"Sallato and Associates - Attorneys at Law Miami\" \/>\n<meta property=\"article:publisher\" content=\"https:\/\/www.facebook.com\/Sallato-Associates-PA-816422088378998\/info\/?tab=page_info\" \/>\n<meta name=\"twitter:label1\" content=\"Tiempo de lectura\" \/>\n\t<meta name=\"twitter:data1\" content=\"2 minutos\" \/>\n<script type=\"application\/ld+json\" class=\"yoast-schema-graph\">{\"@context\":\"https:\/\/schema.org\",\"@graph\":[{\"@type\":\"WebPage\",\"@id\":\"https:\/\/sallatoandassociates.com\/es\/consulta\/\",\"url\":\"https:\/\/sallatoandassociates.com\/es\/consulta\/\",\"name\":\"Derecho de Familia Internacional | Maria T. Sallato\",\"isPartOf\":{\"@id\":\"https:\/\/sallatoandassociates.com\/#website\"},\"datePublished\":\"2024-10-22T19:05:40+00:00\",\"description\":\"Maria T. Sallato tiene experiencia en Derecho de Familia Internacional, Convenci\u00f3n de La Haya, sustracci\u00f3n de menores por sus padres, acuerdos de adopci\u00f3n entre pa\u00edses.\",\"breadcrumb\":{\"@id\":\"https:\/\/sallatoandassociates.com\/es\/consulta\/#breadcrumb\"},\"inLanguage\":\"es\",\"potentialAction\":[{\"@type\":\"ReadAction\",\"target\":[\"https:\/\/sallatoandassociates.com\/es\/consulta\/\"]}]},{\"@type\":\"BreadcrumbList\",\"@id\":\"https:\/\/sallatoandassociates.com\/es\/consulta\/#breadcrumb\",\"itemListElement\":[{\"@type\":\"ListItem\",\"position\":1,\"name\":\"Home\",\"item\":\"https:\/\/sallatoandassociates.com\/es\/\"},{\"@type\":\"ListItem\",\"position\":2,\"name\":\"Consulta\"}]},{\"@type\":\"WebSite\",\"@id\":\"https:\/\/sallatoandassociates.com\/#website\",\"url\":\"https:\/\/sallatoandassociates.com\/\",\"name\":\"Sallato and Associates - Attorneys at Law Miami\",\"description\":\"Board Certified Family Attorney\",\"potentialAction\":[{\"@type\":\"SearchAction\",\"target\":{\"@type\":\"EntryPoint\",\"urlTemplate\":\"https:\/\/sallatoandassociates.com\/?s={search_term_string}\"},\"query-input\":{\"@type\":\"PropertyValueSpecification\",\"valueRequired\":true,\"valueName\":\"search_term_string\"}}],\"inLanguage\":\"es\"}]}<\/script>\n<!-- \/ Yoast SEO plugin. -->","yoast_head_json":{"title":"Derecho de Familia Internacional | Maria T. Sallato","description":"Maria T. Sallato tiene experiencia en Derecho de Familia Internacional, Convenci\u00f3n de La Haya, sustracci\u00f3n de menores por sus padres, acuerdos de adopci\u00f3n entre pa\u00edses.","robots":{"index":"index","follow":"follow","max-snippet":"max-snippet:-1","max-image-preview":"max-image-preview:large","max-video-preview":"max-video-preview:-1"},"canonical":"https:\/\/sallatoandassociates.com\/es\/consulta\/","og_locale":"es_ES","og_type":"article","og_title":"Derecho de Familia Internacional | Maria T. Sallato","og_description":"Maria T. Sallato tiene experiencia en Derecho de Familia Internacional, Convenci\u00f3n de La Haya, sustracci\u00f3n de menores por sus padres, acuerdos de adopci\u00f3n entre pa\u00edses.","og_url":"https:\/\/sallatoandassociates.com\/es\/consulta\/","og_site_name":"Sallato and Associates - Attorneys at Law Miami","article_publisher":"https:\/\/www.facebook.com\/Sallato-Associates-PA-816422088378998\/info\/?tab=page_info","twitter_misc":{"Tiempo de lectura":"2 minutos"},"schema":{"@context":"https:\/\/schema.org","@graph":[{"@type":"WebPage","@id":"https:\/\/sallatoandassociates.com\/es\/consulta\/","url":"https:\/\/sallatoandassociates.com\/es\/consulta\/","name":"Derecho de Familia Internacional | Maria T. Sallato","isPartOf":{"@id":"https:\/\/sallatoandassociates.com\/#website"},"datePublished":"2024-10-22T19:05:40+00:00","description":"Maria T. Sallato tiene experiencia en Derecho de Familia Internacional, Convenci\u00f3n de La Haya, sustracci\u00f3n de menores por sus padres, acuerdos de adopci\u00f3n entre pa\u00edses.","breadcrumb":{"@id":"https:\/\/sallatoandassociates.com\/es\/consulta\/#breadcrumb"},"inLanguage":"es","potentialAction":[{"@type":"ReadAction","target":["https:\/\/sallatoandassociates.com\/es\/consulta\/"]}]},{"@type":"BreadcrumbList","@id":"https:\/\/sallatoandassociates.com\/es\/consulta\/#breadcrumb","itemListElement":[{"@type":"ListItem","position":1,"name":"Home","item":"https:\/\/sallatoandassociates.com\/es\/"},{"@type":"ListItem","position":2,"name":"Consulta"}]},{"@type":"WebSite","@id":"https:\/\/sallatoandassociates.com\/#website","url":"https:\/\/sallatoandassociates.com\/","name":"Sallato and Associates - Attorneys at Law Miami","description":"Board Certified Family Attorney","potentialAction":[{"@type":"SearchAction","target":{"@type":"EntryPoint","urlTemplate":"https:\/\/sallatoandassociates.com\/?s={search_term_string}"},"query-input":{"@type":"PropertyValueSpecification","valueRequired":true,"valueName":"search_term_string"}}],"inLanguage":"es"}]}},"_links":{"self":[{"href":"https:\/\/sallatoandassociates.com\/es\/wp-json\/wp\/v2\/pages\/1813"}],"collection":[{"href":"https:\/\/sallatoandassociates.com\/es\/wp-json\/wp\/v2\/pages"}],"about":[{"href":"https:\/\/sallatoandassociates.com\/es\/wp-json\/wp\/v2\/types\/page"}],"author":[{"embeddable":true,"href":"https:\/\/sallatoandassociates.com\/es\/wp-json\/wp\/v2\/users\/4"}],"replies":[{"embeddable":true,"href":"https:\/\/sallatoandassociates.com\/es\/wp-json\/wp\/v2\/comments?post=1813"}],"version-history":[{"count":1,"href":"https:\/\/sallatoandassociates.com\/es\/wp-json\/wp\/v2\/pages\/1813\/revisions"}],"predecessor-version":[{"id":1814,"href":"https:\/\/sallatoandassociates.com\/es\/wp-json\/wp\/v2\/pages\/1813\/revisions\/1814"}],"wp:attachment":[{"href":"https:\/\/sallatoandassociates.com\/es\/wp-json\/wp\/v2\/media?parent=1813"}],"curies":[{"name":"wp","href":"https:\/\/api.w.org\/{rel}","templated":true}]}}