{"id":1812,"date":"2024-10-22T15:05:39","date_gmt":"2024-10-22T19:05:39","guid":{"rendered":"https:\/\/mariatsallato.com\/abogado-de-divorcio-miami-certificado-por-la-junta\/"},"modified":"2024-10-22T15:05:39","modified_gmt":"2024-10-22T19:05:39","slug":"abogado-de-divorcio-miami-certificado-por-la-junta","status":"publish","type":"page","link":"https:\/\/sallatoandassociates.com\/es\/abogado-de-divorcio-miami-certificado-por-la-junta\/","title":{"rendered":"Abogado de Divorcio Miami &#8211; Certificado por la Junta"},"content":{"rendered":"<hr>\n<h3>Abogado de Divorcio Miami &#8211; Certificado por la Junta<\/h3>\n<hr>\n<h3>Abogado Divorcio Miami &#8211; Divorcio No Impugnado<\/h3>\n<p style=\"text-align: justify;\">Los divorcios de mutuo acuerdo suelen denominarse divorcios simples, porque los c\u00f3nyuges pueden llegar a una decisi\u00f3n sobre las condiciones del divorcio sin ir a juicio. Los divorcios de mutuo acuerdo avanzan m\u00e1s r\u00e1pidamente en los tribunales y son menos costosos que los divorcios contenciosos. <\/p>\n<p style=\"text-align: justify;\">La mayor\u00eda de las parejas probablemente expresar\u00edan su preferencia por el divorcio de mutuo acuerdo debido a su rapidez, sencillez, comodidad e inocuidad.<\/p>\n<hr>\n<h3 style=\"text-align: justify;\">Abogado de Divorcio Miami &#8211; Divorcio Impugnado<\/h3>\n<p style=\"text-align: justify;\">El divorcio contencioso es el tipo en el que los c\u00f3nyuges no pueden llegar a un acuerdo sobre una o varias cuestiones clave para poner fin a su matrimonio de forma concluyente. Cuando los c\u00f3nyuges no pueden llegar a un acuerdo, deben acudir a los tribunales para arbitrar su disputa. <\/p>\n<p style=\"text-align: justify;\">  Algunos temas delicados que dan lugar a un divorcio contencioso son la custodia de los hijos, la pensi\u00f3n alimenticia, el reparto de bienes, la divisi\u00f3n de la propiedad, la pensi\u00f3n alimenticia temporal, el reparto de deudas y la pensi\u00f3n alimenticia.<\/p>\n<hr>\n<h3 style=\"text-align: left;\"><strong>  RELOCACI\u00d3N<\/strong><\/h3>\n<p>De todas las posibles cuestiones que pueden surgir en los casos de custodia de menores, una de las m\u00e1s dif\u00edciles y complicadas de resolver es si se debe permitir la propuesta de traslado del progenitor custodio. Hay muchas razones por las que un progenitor custodio o cuidador principal elegir\u00eda trasladarse a otro lugar, como una nueva relaci\u00f3n, una mejor oportunidad profesional o una mejor calidad de vida.<\/p>\n<hr>\n<p>&nbsp;<\/p>\n<p style=\"text-align: center;\">Abogado de Divorcios &#8211; Certificado &#8211; Miami<\/p>\n","protected":false},"excerpt":{"rendered":"<p>Abogado de Divorcio Miami &#8211; Certificado por la Junta Abogado Divorcio Miami &#8211; Divorcio No Impugnado Los divorcios de mutuo &#8230;<\/p>\n","protected":false},"author":4,"featured_media":0,"parent":0,"menu_order":0,"comment_status":"closed","ping_status":"closed","template":"","meta":{"footnotes":""},"class_list":["post-1812","page","type-page","status-publish","hentry"],"yoast_head":"<!-- This site is optimized with the Yoast SEO plugin v25.2 - https:\/\/yoast.com\/wordpress\/plugins\/seo\/ -->\n<title>Abogado de Divorcio Miami - Certificado por la Junta | Maria T. Sallato<\/title>\n<meta name=\"description\" content=\"Abogado de Divorcio Miami - Certificado por la Junta - Divorcio impugnado y no impugnado, acuerdos prenupciales, derecho de familia internacional, primera cita gratuita.\" \/>\n<meta name=\"robots\" content=\"index, follow, max-snippet:-1, max-image-preview:large, max-video-preview:-1\" \/>\n<link rel=\"canonical\" href=\"https:\/\/sallatoandassociates.com\/es\/abogado-de-divorcio-miami-certificado-por-la-junta\/\" \/>\n<meta property=\"og:locale\" content=\"es_ES\" \/>\n<meta property=\"og:type\" content=\"article\" \/>\n<meta property=\"og:title\" content=\"Abogado de Divorcio Miami - Certificado por la Junta | Maria T. Sallato\" \/>\n<meta property=\"og:description\" content=\"Abogado de Divorcio Miami - Certificado por la Junta - Divorcio impugnado y no impugnado, acuerdos prenupciales, derecho de familia internacional, primera cita gratuita.\" \/>\n<meta property=\"og:url\" content=\"https:\/\/sallatoandassociates.com\/es\/abogado-de-divorcio-miami-certificado-por-la-junta\/\" \/>\n<meta property=\"og:site_name\" content=\"Sallato and Associates - Attorneys at Law Miami\" \/>\n<meta property=\"article:publisher\" content=\"https:\/\/www.facebook.com\/Sallato-Associates-PA-816422088378998\/info\/?tab=page_info\" \/>\n<meta name=\"twitter:label1\" content=\"Tiempo de lectura\" \/>\n\t<meta name=\"twitter:data1\" content=\"1 minuto\" \/>\n<script type=\"application\/ld+json\" class=\"yoast-schema-graph\">{\"@context\":\"https:\/\/schema.org\",\"@graph\":[{\"@type\":\"WebPage\",\"@id\":\"https:\/\/sallatoandassociates.com\/es\/abogado-de-divorcio-miami-certificado-por-la-junta\/\",\"url\":\"https:\/\/sallatoandassociates.com\/es\/abogado-de-divorcio-miami-certificado-por-la-junta\/\",\"name\":\"Abogado de Divorcio Miami - Certificado por la Junta | Maria T. Sallato\",\"isPartOf\":{\"@id\":\"https:\/\/sallatoandassociates.com\/#website\"},\"datePublished\":\"2024-10-22T19:05:39+00:00\",\"description\":\"Abogado de Divorcio Miami - Certificado por la Junta - Divorcio impugnado y no impugnado, acuerdos prenupciales, derecho de familia internacional, primera cita gratuita.\",\"breadcrumb\":{\"@id\":\"https:\/\/sallatoandassociates.com\/es\/abogado-de-divorcio-miami-certificado-por-la-junta\/#breadcrumb\"},\"inLanguage\":\"es\",\"potentialAction\":[{\"@type\":\"ReadAction\",\"target\":[\"https:\/\/sallatoandassociates.com\/es\/abogado-de-divorcio-miami-certificado-por-la-junta\/\"]}]},{\"@type\":\"BreadcrumbList\",\"@id\":\"https:\/\/sallatoandassociates.com\/es\/abogado-de-divorcio-miami-certificado-por-la-junta\/#breadcrumb\",\"itemListElement\":[{\"@type\":\"ListItem\",\"position\":1,\"name\":\"Home\",\"item\":\"https:\/\/sallatoandassociates.com\/es\/\"},{\"@type\":\"ListItem\",\"position\":2,\"name\":\"Abogado de Divorcio Miami &#8211; Certificado por la Junta\"}]},{\"@type\":\"WebSite\",\"@id\":\"https:\/\/sallatoandassociates.com\/#website\",\"url\":\"https:\/\/sallatoandassociates.com\/\",\"name\":\"Sallato and Associates - Attorneys at Law Miami\",\"description\":\"Board Certified Family Attorney\",\"potentialAction\":[{\"@type\":\"SearchAction\",\"target\":{\"@type\":\"EntryPoint\",\"urlTemplate\":\"https:\/\/sallatoandassociates.com\/?s={search_term_string}\"},\"query-input\":{\"@type\":\"PropertyValueSpecification\",\"valueRequired\":true,\"valueName\":\"search_term_string\"}}],\"inLanguage\":\"es\"}]}<\/script>\n<!-- \/ Yoast SEO plugin. -->","yoast_head_json":{"title":"Abogado de Divorcio Miami - Certificado por la Junta | Maria T. Sallato","description":"Abogado de Divorcio Miami - Certificado por la Junta - Divorcio impugnado y no impugnado, acuerdos prenupciales, derecho de familia internacional, primera cita gratuita.","robots":{"index":"index","follow":"follow","max-snippet":"max-snippet:-1","max-image-preview":"max-image-preview:large","max-video-preview":"max-video-preview:-1"},"canonical":"https:\/\/sallatoandassociates.com\/es\/abogado-de-divorcio-miami-certificado-por-la-junta\/","og_locale":"es_ES","og_type":"article","og_title":"Abogado de Divorcio Miami - Certificado por la Junta | Maria T. Sallato","og_description":"Abogado de Divorcio Miami - Certificado por la Junta - Divorcio impugnado y no impugnado, acuerdos prenupciales, derecho de familia internacional, primera cita gratuita.","og_url":"https:\/\/sallatoandassociates.com\/es\/abogado-de-divorcio-miami-certificado-por-la-junta\/","og_site_name":"Sallato and Associates - Attorneys at Law Miami","article_publisher":"https:\/\/www.facebook.com\/Sallato-Associates-PA-816422088378998\/info\/?tab=page_info","twitter_misc":{"Tiempo de lectura":"1 minuto"},"schema":{"@context":"https:\/\/schema.org","@graph":[{"@type":"WebPage","@id":"https:\/\/sallatoandassociates.com\/es\/abogado-de-divorcio-miami-certificado-por-la-junta\/","url":"https:\/\/sallatoandassociates.com\/es\/abogado-de-divorcio-miami-certificado-por-la-junta\/","name":"Abogado de Divorcio Miami - Certificado por la Junta | Maria T. Sallato","isPartOf":{"@id":"https:\/\/sallatoandassociates.com\/#website"},"datePublished":"2024-10-22T19:05:39+00:00","description":"Abogado de Divorcio Miami - Certificado por la Junta - Divorcio impugnado y no impugnado, acuerdos prenupciales, derecho de familia internacional, primera cita gratuita.","breadcrumb":{"@id":"https:\/\/sallatoandassociates.com\/es\/abogado-de-divorcio-miami-certificado-por-la-junta\/#breadcrumb"},"inLanguage":"es","potentialAction":[{"@type":"ReadAction","target":["https:\/\/sallatoandassociates.com\/es\/abogado-de-divorcio-miami-certificado-por-la-junta\/"]}]},{"@type":"BreadcrumbList","@id":"https:\/\/sallatoandassociates.com\/es\/abogado-de-divorcio-miami-certificado-por-la-junta\/#breadcrumb","itemListElement":[{"@type":"ListItem","position":1,"name":"Home","item":"https:\/\/sallatoandassociates.com\/es\/"},{"@type":"ListItem","position":2,"name":"Abogado de Divorcio Miami &#8211; Certificado por la Junta"}]},{"@type":"WebSite","@id":"https:\/\/sallatoandassociates.com\/#website","url":"https:\/\/sallatoandassociates.com\/","name":"Sallato and Associates - Attorneys at Law Miami","description":"Board Certified Family Attorney","potentialAction":[{"@type":"SearchAction","target":{"@type":"EntryPoint","urlTemplate":"https:\/\/sallatoandassociates.com\/?s={search_term_string}"},"query-input":{"@type":"PropertyValueSpecification","valueRequired":true,"valueName":"search_term_string"}}],"inLanguage":"es"}]}},"_links":{"self":[{"href":"https:\/\/sallatoandassociates.com\/es\/wp-json\/wp\/v2\/pages\/1812"}],"collection":[{"href":"https:\/\/sallatoandassociates.com\/es\/wp-json\/wp\/v2\/pages"}],"about":[{"href":"https:\/\/sallatoandassociates.com\/es\/wp-json\/wp\/v2\/types\/page"}],"author":[{"embeddable":true,"href":"https:\/\/sallatoandassociates.com\/es\/wp-json\/wp\/v2\/users\/4"}],"replies":[{"embeddable":true,"href":"https:\/\/sallatoandassociates.com\/es\/wp-json\/wp\/v2\/comments?post=1812"}],"version-history":[{"count":0,"href":"https:\/\/sallatoandassociates.com\/es\/wp-json\/wp\/v2\/pages\/1812\/revisions"}],"wp:attachment":[{"href":"https:\/\/sallatoandassociates.com\/es\/wp-json\/wp\/v2\/media?parent=1812"}],"curies":[{"name":"wp","href":"https:\/\/api.w.org\/{rel}","templated":true}]}}