{"id":1801,"date":"2024-10-22T15:02:58","date_gmt":"2024-10-22T19:02:58","guid":{"rendered":"https:\/\/mariatsallato.com\/derecho-de-familia-internacional\/"},"modified":"2024-10-22T15:03:54","modified_gmt":"2024-10-22T19:03:54","slug":"derecho-de-familia-internacional","status":"publish","type":"page","link":"https:\/\/sallatoandassociates.com\/es\/derecho-de-familia-internacional\/","title":{"rendered":"Derecho de familia internacional"},"content":{"rendered":"<div class=\"wpb-content-wrapper\"><p>[vc_row][vc_column][vc_column_text]<img loading=\"lazy\" decoding=\"async\" class=\"alignleft wp-image-675\" style=\"margin: 0px 20px 50px 0px;\" src=\"http:\/\/www.sallatoandassociates.com\/site\/uploads\/2024\/01\/international-family-law-world.jpg\" alt=\"Derecho de familia internacional\" width=\"330\" height=\"367\"><\/p>\n<p style=\"text-align: justify;\">Maria T. Sallato tiene amplia experiencia en derecho de familia internacional y es una de las pocas abogadas de Estados Unidos que trabaja con <strong>casos de sustracci\u00f3n internacional de menores.<\/strong><\/p>\n<p style=\"text-align: justify;\">Hay muchas leyes que regulan las cuestiones de derecho de familia internacional y existe un amplio corpus de derecho internacional, que incluye varios tratados espec\u00edficos de cada pa\u00eds, como la Ley Uniforme de Jurisdicci\u00f3n y Ejecuci\u00f3n de la Custodia de Menores, la Ley de Delitos de Secuestro Parental Internacional y el Convenio de La Haya.<\/p>\n<p>Nuestros servicios incluyen:<\/p>\n<ul>\n<li>Trabajar en un entorno intercultural<\/li>\n<li>Coordinaci\u00f3n con abogados extranjeros para una soluci\u00f3n global<\/li>\n<li>Gesti\u00f3n de cuestiones jurisdiccionales complejas<\/li>\n<li>Coordinarse con las agencias y organizaciones internacionales apropiadas<\/li>\n<li>Representaci\u00f3n de menores en materia de custodia y manutenci\u00f3n internacional<\/li>\n<li>Representaci\u00f3n en casos de reubicaci\u00f3n y secuestro.<\/li>\n<\/ul>\n<p>RELOCACI\u00d3N<\/p>\n<p style=\"text-align: justify;\">De todas las posibles cuestiones que pueden surgir en los casos de custodia de menores, una de las m\u00e1s dif\u00edciles y complicadas de resolver es si se debe permitir el traslado propuesto del progenitor custodio.<\/p>\n<p style=\"text-align: justify;\">Hay muchas razones por las que un progenitor custodio o cuidador principal elegir\u00eda trasladarse a otro lugar, como una nueva relaci\u00f3n, una mejor oportunidad profesional o una mejor calidad de vida.<\/p>\n<p style=\"text-align: justify;\">Teniendo en cuenta los intereses opuestos de las partes implicadas y la naturaleza intensiva en hechos de las cuestiones que deben abordarse en cada caso de traslado, es f\u00e1cil comprender por qu\u00e9 rara vez se resuelven a satisfacci\u00f3n de todos.<\/p>\n<h2>Consultas disponibles<\/h2>\n<p>[\/vc_column_text][\/vc_column][\/vc_row]<\/p>\n<\/div>","protected":false},"excerpt":{"rendered":"<p>[vc_row][vc_column][vc_column_text] Maria T. Sallato tiene amplia experiencia en derecho de familia internacional y es una de las pocas abogadas de &#8230;<\/p>\n","protected":false},"author":5,"featured_media":0,"parent":0,"menu_order":0,"comment_status":"open","ping_status":"open","template":"","meta":{"footnotes":""},"class_list":["post-1801","page","type-page","status-publish","hentry"],"yoast_head":"<!-- This site is optimized with the Yoast SEO plugin v25.2 - https:\/\/yoast.com\/wordpress\/plugins\/seo\/ -->\n<title>Derecho Internacional de Familia | Maria T. Sallato | Sustracci\u00f3n de menores, reubicaci\u00f3n<\/title>\n<meta name=\"description\" content=\"Derecho Internacional de Familia, Sustracci\u00f3n de menores por sus padres, Acuerdos de adopci\u00f3n internacional, Convenio de La Haya, Maria T. Sallato Miami FL. - Certificada por la Junta\" \/>\n<meta name=\"robots\" content=\"index, follow, max-snippet:-1, max-image-preview:large, max-video-preview:-1\" \/>\n<link rel=\"canonical\" href=\"https:\/\/sallatoandassociates.com\/es\/derecho-de-familia-internacional\/\" \/>\n<meta property=\"og:locale\" content=\"es_ES\" \/>\n<meta property=\"og:type\" content=\"article\" \/>\n<meta property=\"og:title\" content=\"Derecho Internacional de Familia | Maria T. Sallato | Sustracci\u00f3n de menores, reubicaci\u00f3n\" \/>\n<meta property=\"og:description\" content=\"Derecho Internacional de Familia, Sustracci\u00f3n de menores por sus padres, Acuerdos de adopci\u00f3n internacional, Convenio de La Haya, Maria T. Sallato Miami FL. - Certificada por la Junta\" \/>\n<meta property=\"og:url\" content=\"https:\/\/sallatoandassociates.com\/es\/derecho-de-familia-internacional\/\" \/>\n<meta property=\"og:site_name\" content=\"Sallato and Associates - Attorneys at Law Miami\" \/>\n<meta property=\"article:publisher\" content=\"https:\/\/www.facebook.com\/Sallato-Associates-PA-816422088378998\/info\/?tab=page_info\" \/>\n<meta property=\"article:modified_time\" content=\"2024-10-22T19:03:54+00:00\" \/>\n<meta property=\"og:image\" content=\"http:\/\/www.sallatoandassociates.com\/site\/uploads\/2024\/01\/international-family-law-world.jpg\" \/>\n<meta name=\"twitter:label1\" content=\"Tiempo de lectura\" \/>\n\t<meta name=\"twitter:data1\" content=\"1 minuto\" \/>\n<script type=\"application\/ld+json\" class=\"yoast-schema-graph\">{\"@context\":\"https:\/\/schema.org\",\"@graph\":[{\"@type\":\"WebPage\",\"@id\":\"https:\/\/sallatoandassociates.com\/es\/derecho-de-familia-internacional\/\",\"url\":\"https:\/\/sallatoandassociates.com\/es\/derecho-de-familia-internacional\/\",\"name\":\"Derecho Internacional de Familia | Maria T. Sallato | Sustracci\u00f3n de menores, reubicaci\u00f3n\",\"isPartOf\":{\"@id\":\"https:\/\/sallatoandassociates.com\/#website\"},\"primaryImageOfPage\":{\"@id\":\"https:\/\/sallatoandassociates.com\/es\/derecho-de-familia-internacional\/#primaryimage\"},\"image\":{\"@id\":\"https:\/\/sallatoandassociates.com\/es\/derecho-de-familia-internacional\/#primaryimage\"},\"thumbnailUrl\":\"http:\/\/www.sallatoandassociates.com\/site\/uploads\/2024\/01\/international-family-law-world.jpg\",\"datePublished\":\"2024-10-22T19:02:58+00:00\",\"dateModified\":\"2024-10-22T19:03:54+00:00\",\"description\":\"Derecho Internacional de Familia, Sustracci\u00f3n de menores por sus padres, Acuerdos de adopci\u00f3n internacional, Convenio de La Haya, Maria T. Sallato Miami FL. - Certificada por la Junta\",\"breadcrumb\":{\"@id\":\"https:\/\/sallatoandassociates.com\/es\/derecho-de-familia-internacional\/#breadcrumb\"},\"inLanguage\":\"es\",\"potentialAction\":[{\"@type\":\"ReadAction\",\"target\":[\"https:\/\/sallatoandassociates.com\/es\/derecho-de-familia-internacional\/\"]}]},{\"@type\":\"ImageObject\",\"inLanguage\":\"es\",\"@id\":\"https:\/\/sallatoandassociates.com\/es\/derecho-de-familia-internacional\/#primaryimage\",\"url\":\"http:\/\/www.sallatoandassociates.com\/site\/uploads\/2024\/01\/international-family-law-world.jpg\",\"contentUrl\":\"http:\/\/www.sallatoandassociates.com\/site\/uploads\/2024\/01\/international-family-law-world.jpg\"},{\"@type\":\"BreadcrumbList\",\"@id\":\"https:\/\/sallatoandassociates.com\/es\/derecho-de-familia-internacional\/#breadcrumb\",\"itemListElement\":[{\"@type\":\"ListItem\",\"position\":1,\"name\":\"Home\",\"item\":\"https:\/\/sallatoandassociates.com\/es\/\"},{\"@type\":\"ListItem\",\"position\":2,\"name\":\"Derecho de familia internacional\"}]},{\"@type\":\"WebSite\",\"@id\":\"https:\/\/sallatoandassociates.com\/#website\",\"url\":\"https:\/\/sallatoandassociates.com\/\",\"name\":\"Sallato and Associates - Attorneys at Law Miami\",\"description\":\"Board Certified Family Attorney\",\"potentialAction\":[{\"@type\":\"SearchAction\",\"target\":{\"@type\":\"EntryPoint\",\"urlTemplate\":\"https:\/\/sallatoandassociates.com\/?s={search_term_string}\"},\"query-input\":{\"@type\":\"PropertyValueSpecification\",\"valueRequired\":true,\"valueName\":\"search_term_string\"}}],\"inLanguage\":\"es\"}]}<\/script>\n<!-- \/ Yoast SEO plugin. -->","yoast_head_json":{"title":"Derecho Internacional de Familia | Maria T. Sallato | Sustracci\u00f3n de menores, reubicaci\u00f3n","description":"Derecho Internacional de Familia, Sustracci\u00f3n de menores por sus padres, Acuerdos de adopci\u00f3n internacional, Convenio de La Haya, Maria T. Sallato Miami FL. - Certificada por la Junta","robots":{"index":"index","follow":"follow","max-snippet":"max-snippet:-1","max-image-preview":"max-image-preview:large","max-video-preview":"max-video-preview:-1"},"canonical":"https:\/\/sallatoandassociates.com\/es\/derecho-de-familia-internacional\/","og_locale":"es_ES","og_type":"article","og_title":"Derecho Internacional de Familia | Maria T. Sallato | Sustracci\u00f3n de menores, reubicaci\u00f3n","og_description":"Derecho Internacional de Familia, Sustracci\u00f3n de menores por sus padres, Acuerdos de adopci\u00f3n internacional, Convenio de La Haya, Maria T. Sallato Miami FL. - Certificada por la Junta","og_url":"https:\/\/sallatoandassociates.com\/es\/derecho-de-familia-internacional\/","og_site_name":"Sallato and Associates - Attorneys at Law Miami","article_publisher":"https:\/\/www.facebook.com\/Sallato-Associates-PA-816422088378998\/info\/?tab=page_info","article_modified_time":"2024-10-22T19:03:54+00:00","og_image":[{"url":"http:\/\/www.sallatoandassociates.com\/site\/uploads\/2024\/01\/international-family-law-world.jpg","type":"","width":"","height":""}],"twitter_misc":{"Tiempo de lectura":"1 minuto"},"schema":{"@context":"https:\/\/schema.org","@graph":[{"@type":"WebPage","@id":"https:\/\/sallatoandassociates.com\/es\/derecho-de-familia-internacional\/","url":"https:\/\/sallatoandassociates.com\/es\/derecho-de-familia-internacional\/","name":"Derecho Internacional de Familia | Maria T. Sallato | Sustracci\u00f3n de menores, reubicaci\u00f3n","isPartOf":{"@id":"https:\/\/sallatoandassociates.com\/#website"},"primaryImageOfPage":{"@id":"https:\/\/sallatoandassociates.com\/es\/derecho-de-familia-internacional\/#primaryimage"},"image":{"@id":"https:\/\/sallatoandassociates.com\/es\/derecho-de-familia-internacional\/#primaryimage"},"thumbnailUrl":"http:\/\/www.sallatoandassociates.com\/site\/uploads\/2024\/01\/international-family-law-world.jpg","datePublished":"2024-10-22T19:02:58+00:00","dateModified":"2024-10-22T19:03:54+00:00","description":"Derecho Internacional de Familia, Sustracci\u00f3n de menores por sus padres, Acuerdos de adopci\u00f3n internacional, Convenio de La Haya, Maria T. Sallato Miami FL. - Certificada por la Junta","breadcrumb":{"@id":"https:\/\/sallatoandassociates.com\/es\/derecho-de-familia-internacional\/#breadcrumb"},"inLanguage":"es","potentialAction":[{"@type":"ReadAction","target":["https:\/\/sallatoandassociates.com\/es\/derecho-de-familia-internacional\/"]}]},{"@type":"ImageObject","inLanguage":"es","@id":"https:\/\/sallatoandassociates.com\/es\/derecho-de-familia-internacional\/#primaryimage","url":"http:\/\/www.sallatoandassociates.com\/site\/uploads\/2024\/01\/international-family-law-world.jpg","contentUrl":"http:\/\/www.sallatoandassociates.com\/site\/uploads\/2024\/01\/international-family-law-world.jpg"},{"@type":"BreadcrumbList","@id":"https:\/\/sallatoandassociates.com\/es\/derecho-de-familia-internacional\/#breadcrumb","itemListElement":[{"@type":"ListItem","position":1,"name":"Home","item":"https:\/\/sallatoandassociates.com\/es\/"},{"@type":"ListItem","position":2,"name":"Derecho de familia internacional"}]},{"@type":"WebSite","@id":"https:\/\/sallatoandassociates.com\/#website","url":"https:\/\/sallatoandassociates.com\/","name":"Sallato and Associates - Attorneys at Law Miami","description":"Board Certified Family Attorney","potentialAction":[{"@type":"SearchAction","target":{"@type":"EntryPoint","urlTemplate":"https:\/\/sallatoandassociates.com\/?s={search_term_string}"},"query-input":{"@type":"PropertyValueSpecification","valueRequired":true,"valueName":"search_term_string"}}],"inLanguage":"es"}]}},"_links":{"self":[{"href":"https:\/\/sallatoandassociates.com\/es\/wp-json\/wp\/v2\/pages\/1801"}],"collection":[{"href":"https:\/\/sallatoandassociates.com\/es\/wp-json\/wp\/v2\/pages"}],"about":[{"href":"https:\/\/sallatoandassociates.com\/es\/wp-json\/wp\/v2\/types\/page"}],"author":[{"embeddable":true,"href":"https:\/\/sallatoandassociates.com\/es\/wp-json\/wp\/v2\/users\/5"}],"replies":[{"embeddable":true,"href":"https:\/\/sallatoandassociates.com\/es\/wp-json\/wp\/v2\/comments?post=1801"}],"version-history":[{"count":5,"href":"https:\/\/sallatoandassociates.com\/es\/wp-json\/wp\/v2\/pages\/1801\/revisions"}],"predecessor-version":[{"id":1810,"href":"https:\/\/sallatoandassociates.com\/es\/wp-json\/wp\/v2\/pages\/1801\/revisions\/1810"}],"wp:attachment":[{"href":"https:\/\/sallatoandassociates.com\/es\/wp-json\/wp\/v2\/media?parent=1801"}],"curies":[{"name":"wp","href":"https:\/\/api.w.org\/{rel}","templated":true}]}}