{"id":1671,"date":"2024-02-26T00:22:23","date_gmt":"2024-02-26T05:22:23","guid":{"rendered":"https:\/\/mariatsallato.com\/accidentes-lesiones\/"},"modified":"2024-10-22T15:22:54","modified_gmt":"2024-10-22T19:22:54","slug":"accidentes-lesiones","status":"publish","type":"page","link":"https:\/\/sallatoandassociates.com\/es\/accidentes-lesiones\/","title":{"rendered":"Accidentes &#8211; Lesiones"},"content":{"rendered":"<div class=\"wpb-content-wrapper\"><p>[vc_row][vc_column][vc_column_text]<\/p>\n<h1 class=\"page-title\" style=\"text-align: center;\"><strong>Accidentes<img decoding=\"async\" src=\"https:\/\/www.sallatoandassociates.com\/site\/uploads\/2024\/01\/icon-accident-1-120x120.png\" alt=\"icono-accidente\"><\/strong><\/h1>\n<p style=\"text-align: center;\">Reconociendo las preocupaciones polifac\u00e9ticas de nuestros clientes, extendemos nuestra asistencia a diversos \u00e1mbitos jur\u00eddicos, que abarcan asuntos de lesiones personales y homicidio culposo.<\/p>\n<p>[\/vc_column_text][vc_column_text]<\/p>\n<h2><span style=\"color: #0000ff;\"><strong>Casos de accidente<\/strong><\/span><\/h2>\n<h3><em>Luchar por la justicia y la indemnizaci\u00f3n tras un accidente<\/em><\/h3>\n<p>Los accidentes pueden ocurrir en un instante, dejando a las v\u00edctimas con lesiones que les cambian la vida, facturas m\u00e9dicas y angustia emocional. En Sallato &amp; Associates, P.A., nos dedicamos a ayudar a las v\u00edctimas de accidentes a recuperar la indemnizaci\u00f3n que merecen. Tanto si te has lesionado en un accidente de coche, como en un resbal\u00f3n y ca\u00edda, o en un incidente laboral, nuestro experimentado equipo jur\u00eddico est\u00e1 dispuesto a luchar por tus derechos.[\/vc_column_text][\/vc_column][\/vc_row][vc_row][vc_column][vc_column_text]<\/p>\n<h2><span style=\"color: #0000ff;\"><strong>Tipos de accidentes que atendemos<\/strong><\/span><\/h2>\n<p>Proporcionamos representaci\u00f3n legal para una amplia gama de casos de accidentes, incluidos:<\/p>\n<ul>\n<li><strong>Accidentes de coche<\/strong><br \/>\nLos accidentes de coche son una de las causas m\u00e1s comunes de demandas por lesiones personales. Tanto si te has visto implicado en una colisi\u00f3n por negligencia de otro conductor, conducci\u00f3n temeraria o conducci\u00f3n distra\u00edda, estamos aqu\u00ed para ayudarte a reclamar una indemnizaci\u00f3n por tus facturas m\u00e9dicas, salarios perdidos y dolor y sufrimiento. <\/li>\n<li><strong>Accidentes por resbalones y ca\u00eddas<\/strong><br \/>\nLos propietarios tienen la responsabilidad de mantener seguras sus instalaciones. Si te lesionaste debido a condiciones inseguras -como suelos mojados, superficies irregulares o iluminaci\u00f3n deficiente- en una propiedad ajena, podemos ayudarte a exigir responsabilidades a la parte negligente. <\/li>\n<li><strong>Accidentes laborales<\/strong><br \/>\nLas lesiones laborales pueden producirse en cualquier trabajo, desde obras de construcci\u00f3n a entornos de oficina. Nos ocupamos de las reclamaciones de indemnizaci\u00f3n de los trabajadores, as\u00ed como de las demandas por lesiones personales cuando la negligencia de terceros contribuy\u00f3 a la lesi\u00f3n. <\/li>\n<li><strong>Accidentes de Cami\u00f3n<\/strong><br \/>\nLos accidentes en los que est\u00e1n implicados grandes camiones comerciales pueden ser devastadores debido al tama\u00f1o y peso de los veh\u00edculos. Entendemos la complejidad de los casos de accidentes de cami\u00f3n y podemos ayudarte a navegar por el proceso de tratar con las compa\u00f1\u00edas de camiones y sus proveedores de seguros. <\/li>\n<li><strong>Accidentes de moto<\/strong><br \/>\nLos motoristas son especialmente vulnerables en las colisiones de tr\u00e1fico, y a menudo sufren lesiones graves. Abogaremos en tu nombre para que recibas una indemnizaci\u00f3n justa por tus lesiones y da\u00f1os. <\/li>\n<\/ul>\n<p>[\/vc_column_text][vc_cta h2=&#8221;C\u00f3mo podemos ayudar&#8221; add_button=&#8221;right&#8221; btn_title=&#8221;Revisi\u00f3n gratuita de casos&#8221; btn_color=&#8221;info&#8221; btn_align=&#8221;right&#8221; add_icon=&#8221;left&#8221; i_icon_fontawesome=&#8221;fas fa-globe&#8221; i_color=&#8221;turquoise&#8221; i_on_border=&#8221;true&#8221; btn_link=&#8221;url:https%3A%2F%2Fsallatoandassociates.com%2Fcontact%2F|title:Ponte%20en%20contacto%20con|&#8221;]En Sallato &amp; Associates, P.A., nos comprometemos a ofrecer una representaci\u00f3n agresiva a las v\u00edctimas de accidentes. Nuestros servicios incluyen:<\/p>\n<ul>\n<li>Investigar a fondo el accidente para determinar la responsabilidad<\/li>\n<li>Colaboraci\u00f3n con expertos m\u00e9dicos para evaluar el alcance de tus lesiones<\/li>\n<li>Negociar con las compa\u00f1\u00edas de seguros para conseguir el mejor acuerdo posible<\/li>\n<li>Llevar tu caso a juicio si es necesario para asegurarnos de que recibes la indemnizaci\u00f3n que mereces<\/li>\n<\/ul>\n<p style=\"text-align: center;\"><span style=\"color: #33cccc;\"><em><strong>Nuestro objetivo es aliviar tu carga y la de tu familia, al tiempo que te ayudamos a recuperarte econ\u00f3mica y emocionalmente tras un accidente.<\/strong><\/em><\/span><\/p>\n<p>[\/vc_cta][\/vc_column][\/vc_row][vc_row][vc_column][vc_column_text]Si has sufrido lesiones en un accidente y necesitas representaci\u00f3n legal, ponte en contacto con <strong>Sallato &amp; Associates, P.A<\/strong>. llamando al (305) 598-9600 o visita nuestra p\u00e1gina Solicita una <a href=\"https:\/\/sallatoandassociates.com\/es\/ponte-en-contacto-con\/\">consulta gratuita<\/a> para programar una consulta inicial. <img loading=\"lazy\" decoding=\"async\" class=\"aligncenter wp-image-1726 size-thumbnail\" src=\"http:\/\/www.sallatoandassociates.com\/site\/uploads\/2024\/09\/accident-297191_640-blackwhite-1-80x80.gif\" alt=\"\" width=\"80\" height=\"80\">[\/vc_column_text][\/vc_column][\/vc_row]<\/p>\n<\/div>","protected":false},"excerpt":{"rendered":"<p>[vc_row][vc_column][vc_column_text] Accidentes Reconociendo las preocupaciones polifac\u00e9ticas de nuestros clientes, extendemos nuestra asistencia a diversos \u00e1mbitos jur\u00eddicos, que abarcan asuntos de &#8230;<\/p>\n","protected":false},"author":9,"featured_media":0,"parent":0,"menu_order":0,"comment_status":"closed","ping_status":"closed","template":"","meta":{"footnotes":""},"class_list":["post-1671","page","type-page","status-publish","hentry"],"yoast_head":"<!-- This site is optimized with the Yoast SEO plugin v25.2 - https:\/\/yoast.com\/wordpress\/plugins\/seo\/ -->\n<title>Accidentes - Lesiones - Sallato and Associates - Attorneys at Law Miami<\/title>\n<meta name=\"robots\" content=\"index, follow, max-snippet:-1, max-image-preview:large, max-video-preview:-1\" \/>\n<link rel=\"canonical\" href=\"https:\/\/sallatoandassociates.com\/es\/accidentes-lesiones\/\" \/>\n<meta property=\"og:locale\" content=\"es_ES\" \/>\n<meta property=\"og:type\" content=\"article\" \/>\n<meta property=\"og:title\" content=\"Accidentes - Lesiones - Sallato and Associates - Attorneys at Law Miami\" \/>\n<meta property=\"og:description\" content=\"[vc_row][vc_column][vc_column_text] Accidentes Reconociendo las preocupaciones polifac\u00e9ticas de nuestros clientes, extendemos nuestra asistencia a diversos \u00e1mbitos jur\u00eddicos, que abarcan asuntos de ...\" \/>\n<meta property=\"og:url\" content=\"https:\/\/sallatoandassociates.com\/es\/accidentes-lesiones\/\" \/>\n<meta property=\"og:site_name\" content=\"Sallato and Associates - Attorneys at Law Miami\" \/>\n<meta property=\"article:publisher\" content=\"https:\/\/www.facebook.com\/Sallato-Associates-PA-816422088378998\/info\/?tab=page_info\" \/>\n<meta property=\"article:modified_time\" content=\"2024-10-22T19:22:54+00:00\" \/>\n<meta property=\"og:image\" content=\"https:\/\/www.sallatoandassociates.com\/site\/uploads\/2024\/01\/icon-accident-1-120x120.png\" \/>\n<meta name=\"twitter:label1\" content=\"Tiempo de lectura\" \/>\n\t<meta name=\"twitter:data1\" content=\"3 minutos\" \/>\n<script type=\"application\/ld+json\" class=\"yoast-schema-graph\">{\"@context\":\"https:\/\/schema.org\",\"@graph\":[{\"@type\":\"WebPage\",\"@id\":\"https:\/\/sallatoandassociates.com\/es\/accidentes-lesiones\/\",\"url\":\"https:\/\/sallatoandassociates.com\/es\/accidentes-lesiones\/\",\"name\":\"Accidentes - Lesiones - Sallato and Associates - Attorneys at Law Miami\",\"isPartOf\":{\"@id\":\"https:\/\/sallatoandassociates.com\/#website\"},\"primaryImageOfPage\":{\"@id\":\"https:\/\/sallatoandassociates.com\/es\/accidentes-lesiones\/#primaryimage\"},\"image\":{\"@id\":\"https:\/\/sallatoandassociates.com\/es\/accidentes-lesiones\/#primaryimage\"},\"thumbnailUrl\":\"https:\/\/www.sallatoandassociates.com\/site\/uploads\/2024\/01\/icon-accident-1-120x120.png\",\"datePublished\":\"2024-02-26T05:22:23+00:00\",\"dateModified\":\"2024-10-22T19:22:54+00:00\",\"breadcrumb\":{\"@id\":\"https:\/\/sallatoandassociates.com\/es\/accidentes-lesiones\/#breadcrumb\"},\"inLanguage\":\"es\",\"potentialAction\":[{\"@type\":\"ReadAction\",\"target\":[\"https:\/\/sallatoandassociates.com\/es\/accidentes-lesiones\/\"]}]},{\"@type\":\"ImageObject\",\"inLanguage\":\"es\",\"@id\":\"https:\/\/sallatoandassociates.com\/es\/accidentes-lesiones\/#primaryimage\",\"url\":\"https:\/\/www.sallatoandassociates.com\/site\/uploads\/2024\/01\/icon-accident-1-120x120.png\",\"contentUrl\":\"https:\/\/www.sallatoandassociates.com\/site\/uploads\/2024\/01\/icon-accident-1-120x120.png\"},{\"@type\":\"BreadcrumbList\",\"@id\":\"https:\/\/sallatoandassociates.com\/es\/accidentes-lesiones\/#breadcrumb\",\"itemListElement\":[{\"@type\":\"ListItem\",\"position\":1,\"name\":\"Home\",\"item\":\"https:\/\/sallatoandassociates.com\/es\/\"},{\"@type\":\"ListItem\",\"position\":2,\"name\":\"Accidentes &#8211; Lesiones\"}]},{\"@type\":\"WebSite\",\"@id\":\"https:\/\/sallatoandassociates.com\/#website\",\"url\":\"https:\/\/sallatoandassociates.com\/\",\"name\":\"Sallato and Associates - Attorneys at Law Miami\",\"description\":\"Board Certified Family Attorney\",\"potentialAction\":[{\"@type\":\"SearchAction\",\"target\":{\"@type\":\"EntryPoint\",\"urlTemplate\":\"https:\/\/sallatoandassociates.com\/?s={search_term_string}\"},\"query-input\":{\"@type\":\"PropertyValueSpecification\",\"valueRequired\":true,\"valueName\":\"search_term_string\"}}],\"inLanguage\":\"es\"}]}<\/script>\n<!-- \/ Yoast SEO plugin. -->","yoast_head_json":{"title":"Accidentes - Lesiones - Sallato and Associates - Attorneys at Law Miami","robots":{"index":"index","follow":"follow","max-snippet":"max-snippet:-1","max-image-preview":"max-image-preview:large","max-video-preview":"max-video-preview:-1"},"canonical":"https:\/\/sallatoandassociates.com\/es\/accidentes-lesiones\/","og_locale":"es_ES","og_type":"article","og_title":"Accidentes - Lesiones - Sallato and Associates - Attorneys at Law Miami","og_description":"[vc_row][vc_column][vc_column_text] Accidentes Reconociendo las preocupaciones polifac\u00e9ticas de nuestros clientes, extendemos nuestra asistencia a diversos \u00e1mbitos jur\u00eddicos, que abarcan asuntos de ...","og_url":"https:\/\/sallatoandassociates.com\/es\/accidentes-lesiones\/","og_site_name":"Sallato and Associates - Attorneys at Law Miami","article_publisher":"https:\/\/www.facebook.com\/Sallato-Associates-PA-816422088378998\/info\/?tab=page_info","article_modified_time":"2024-10-22T19:22:54+00:00","og_image":[{"url":"https:\/\/www.sallatoandassociates.com\/site\/uploads\/2024\/01\/icon-accident-1-120x120.png","type":"","width":"","height":""}],"twitter_misc":{"Tiempo de lectura":"3 minutos"},"schema":{"@context":"https:\/\/schema.org","@graph":[{"@type":"WebPage","@id":"https:\/\/sallatoandassociates.com\/es\/accidentes-lesiones\/","url":"https:\/\/sallatoandassociates.com\/es\/accidentes-lesiones\/","name":"Accidentes - Lesiones - Sallato and Associates - Attorneys at Law Miami","isPartOf":{"@id":"https:\/\/sallatoandassociates.com\/#website"},"primaryImageOfPage":{"@id":"https:\/\/sallatoandassociates.com\/es\/accidentes-lesiones\/#primaryimage"},"image":{"@id":"https:\/\/sallatoandassociates.com\/es\/accidentes-lesiones\/#primaryimage"},"thumbnailUrl":"https:\/\/www.sallatoandassociates.com\/site\/uploads\/2024\/01\/icon-accident-1-120x120.png","datePublished":"2024-02-26T05:22:23+00:00","dateModified":"2024-10-22T19:22:54+00:00","breadcrumb":{"@id":"https:\/\/sallatoandassociates.com\/es\/accidentes-lesiones\/#breadcrumb"},"inLanguage":"es","potentialAction":[{"@type":"ReadAction","target":["https:\/\/sallatoandassociates.com\/es\/accidentes-lesiones\/"]}]},{"@type":"ImageObject","inLanguage":"es","@id":"https:\/\/sallatoandassociates.com\/es\/accidentes-lesiones\/#primaryimage","url":"https:\/\/www.sallatoandassociates.com\/site\/uploads\/2024\/01\/icon-accident-1-120x120.png","contentUrl":"https:\/\/www.sallatoandassociates.com\/site\/uploads\/2024\/01\/icon-accident-1-120x120.png"},{"@type":"BreadcrumbList","@id":"https:\/\/sallatoandassociates.com\/es\/accidentes-lesiones\/#breadcrumb","itemListElement":[{"@type":"ListItem","position":1,"name":"Home","item":"https:\/\/sallatoandassociates.com\/es\/"},{"@type":"ListItem","position":2,"name":"Accidentes &#8211; Lesiones"}]},{"@type":"WebSite","@id":"https:\/\/sallatoandassociates.com\/#website","url":"https:\/\/sallatoandassociates.com\/","name":"Sallato and Associates - Attorneys at Law Miami","description":"Board Certified Family Attorney","potentialAction":[{"@type":"SearchAction","target":{"@type":"EntryPoint","urlTemplate":"https:\/\/sallatoandassociates.com\/?s={search_term_string}"},"query-input":{"@type":"PropertyValueSpecification","valueRequired":true,"valueName":"search_term_string"}}],"inLanguage":"es"}]}},"_links":{"self":[{"href":"https:\/\/sallatoandassociates.com\/es\/wp-json\/wp\/v2\/pages\/1671"}],"collection":[{"href":"https:\/\/sallatoandassociates.com\/es\/wp-json\/wp\/v2\/pages"}],"about":[{"href":"https:\/\/sallatoandassociates.com\/es\/wp-json\/wp\/v2\/types\/page"}],"author":[{"embeddable":true,"href":"https:\/\/sallatoandassociates.com\/es\/wp-json\/wp\/v2\/users\/9"}],"replies":[{"embeddable":true,"href":"https:\/\/sallatoandassociates.com\/es\/wp-json\/wp\/v2\/comments?post=1671"}],"version-history":[{"count":7,"href":"https:\/\/sallatoandassociates.com\/es\/wp-json\/wp\/v2\/pages\/1671\/revisions"}],"predecessor-version":[{"id":1887,"href":"https:\/\/sallatoandassociates.com\/es\/wp-json\/wp\/v2\/pages\/1671\/revisions\/1887"}],"wp:attachment":[{"href":"https:\/\/sallatoandassociates.com\/es\/wp-json\/wp\/v2\/media?parent=1671"}],"curies":[{"name":"wp","href":"https:\/\/api.w.org\/{rel}","templated":true}]}}