{"id":1663,"date":"2024-02-26T00:14:28","date_gmt":"2024-02-26T05:14:28","guid":{"rendered":"https:\/\/mariatsallato.com\/divorcio-colaborativo\/"},"modified":"2024-02-26T00:15:12","modified_gmt":"2024-02-26T05:15:12","slug":"divorcio-colaborativo","status":"publish","type":"page","link":"https:\/\/sallatoandassociates.com\/es\/divorcio-colaborativo\/","title":{"rendered":"Divorcio Colaborativo"},"content":{"rendered":"<div class=\"wpb-content-wrapper\"><p>[vc_row][vc_column][vc_column_text]<\/p>\n<h1 class=\"page-title\" style=\"text-align: center;\"><strong>El proceso de divorcio colaborativo<\/strong><\/h1>\n<p style=\"text-align: center;\">El proceso de divorcio colaborativo es una forma de abordar las cuestiones que surgen de un procedimiento de divorcio sin el modelo de litigio tradicional. El proceso colaborativo utiliza un enfoque de equipo para ayudar a las partes a llegar a un acuerdo sin la necesidad de acudir a los tribunales. El equipo est\u00e1 formado por los abogados de cada parte, un asesor financiero neutral y un proveedor de salud mental, si es necesario.<\/p>\n<p>[\/vc_column_text][vc_row_inner][vc_column_inner][vc_column_text]Hay muchas leyes que rigen las cuestiones de derecho de familia internacional y existe un amplio cuerpo de derecho internacional, incluidos varios tratados espec\u00edficos de cada pa\u00eds, como la Ley Uniforme de Jurisdicci\u00f3n y Ejecuci\u00f3n de la Custodia de Menores, la Ley Internacional sobre Delitos de Secuestro Parental y la Convenci\u00f3n de La Haya.[\/vc_column_text][\/vc_column_inner][\/vc_row_inner][\/vc_column][\/vc_row][vc_row][vc_column width=&#8221;1\/2&#8243;][vc_single_image image=&#8221;1517&#8243; img_size=&#8221;495&#215;330&#8243;][\/vc_column][vc_column width=&#8221;1\/2&#8243;][vc_column_text]<\/p>\n<p style=\"text-align: justify;\">En el litigio de divorcio tradicional, se dedica mucho tiempo al descubrimiento financiero tratando de determinar las finanzas de las partes. Trabajar con un asesor financiero neutral, como equipo, ayuda a las partes a llegar a un acuerdo r\u00e1pido.<\/p>\n<p style=\"text-align: justify;\">Del mismo modo, cuando hay disputas importantes por la custodia, trabajar en equipo con un proveedor de salud mental neutral ayuda a las partes a llegar a un acuerdo que sea lo mejor para sus hijos.<\/p >\n<p style=\"text-align: justify;\">El proceso de divorcio colaborativo es voluntario y ambas partes deben celebrar un acuerdo de participaci\u00f3n aceptando participar en las discusiones para llegar a un acuerdo con la ayuda de terceros neutrales.<\/p>\n<p style=\"text-align: justify;\">En caso de que las partes no puedan llegar a un acuerdo, el abogado colaborador de divorcio se retirar\u00e1 del caso, permitiendo a las partes contratar a un abogado para continuar con el litigio.<\/ p><\/p>\n<p>[\/vc_column_text][\/vc_column][\/vc_row][vc_row][vc_column][vc_cta h2=&#8221; \u00a1Obtenga Asesoramiento Legal Ahora!&#8221; add_button=&#8221;right&#8221; btn_title=&#8221;Revisi\u00f3n Gratuita de Casos&#8221; btn_color=&#8221;info&#8221; btn_align=&#8221;right&#8221; add_icon=&#8221;left&#8221; i_icon_fontawesome=&#8221;fas fa-globe&#8221; i_color=&#8221;turquoise&#8221; i_on_border=&#8221;true&#8221; btn_link=&#8221;url:https%3A%2F%2Fsallatoandassociates.com%2Fcontact%2F|title:%20Contacto|&#8221;]Para obtener m\u00e1s informaci\u00f3n, comun\u00edquese con nuestra oficina para una consulta inicial.[\/vc_cta][\/vc_column][\/vc_row][vc_row][vc_column width=&#8221;1\/2&#8243;]\n\t<div class=\"custom-heading wpb_content_element \">\n\t\t<h2 class=\"heading-title\" >Uncontested Divorce<\/h2>\n\t\t<span class=\"heading-line primary\"><\/span>\n\t<\/div>[vc_column_text]<\/p>\n<p style=\"text-align: justify;\">Los divorcios de mutuo acuerdo a menudo se denominan divorcios simples porque los c\u00f3nyuges pueden llegar a una decisi\u00f3n sobre los t\u00e9rminos del divorcio sin tener que ir a juicio. Los divorcios de mutuo acuerdo avanzan m\u00e1s r\u00e1pidamente en los tribunales y son menos costosos que los divorcios de mutuo acuerdo.<\/p>\n<p style=\"text-align: justify;\">La mayor\u00eda de las parejas probablemente expresar\u00edan su preferencia por el divorcio de mutuo acuerdo debido a su rapidez, simplicidad, conveniencia y bajo costo.<\/p>\n<p style=\"text-align: justify;\">El divorcio impugnado es el tipo en el que los c\u00f3nyuges no pueden llegar a un acuerdo sobre una o m\u00e1s cuestiones claves para poner fin de manera concluyente a su matrimonio. Cuando los c\u00f3nyuges no pueden llegar a un acuerdo, deben acudir a los tribunales para arbitrar su disputa. Algunos temas delicados que conducen a un divorcio impugnado son la custodia de los hijos, la manutenci\u00f3n de los hijos, la distribuci\u00f3n de activos, la divisi\u00f3n de bienes, la manutenci\u00f3n temporal del c\u00f3nyuge, la asignaci\u00f3n de deudas y la pensi\u00f3n alimenticia. \/p><\/p>\n<p>[\/vc_column_text][\/vc_column][vc_column width=&#8221;1\/2&#8243;]\n\t<div class=\"custom-heading wpb_content_element \">\n\t\t<h2 class=\"heading-title\" >Contested Divorce<\/h2>\n\t\t<span class=\"heading-line primary\"><\/span>\n\t<\/div>[vc_column_text]<\/p>\n<p style=\"text-align: justify;\">El divorcio impugnado es el tipo en el que los c\u00f3nyuges no pueden llegar a un acuerdo sobre una o m\u00e1s cuestiones claves para poner fin de manera concluyente a su matrimonio. Cuando los c\u00f3nyuges no pueden llegar a un acuerdo, deben acudir a los tribunales para arbitrar su disputa. Algunos temas delicados que conducen a un divorcio impugnado son la custodia de los hijos, la manutenci\u00f3n de los hijos, la distribuci\u00f3n de activos, la divisi\u00f3n de bienes, la manutenci\u00f3n temporal del c\u00f3nyuge, la asignaci\u00f3n de deudas y la pensi\u00f3n alimenticia. \/p><\/p>\n<p>[\/vc_column_text][\/vc_column][\/vc_row]<\/p>\n<\/div>","protected":false},"excerpt":{"rendered":"<p>[vc_row][vc_column][vc_column_text] El proceso de divorcio colaborativo El proceso de divorcio colaborativo es una forma de abordar las cuestiones que surgen &#8230;<\/p>\n","protected":false},"author":4,"featured_media":0,"parent":0,"menu_order":0,"comment_status":"closed","ping_status":"closed","template":"","meta":{"footnotes":""},"class_list":["post-1663","page","type-page","status-publish","hentry"],"yoast_head":"<!-- This site is optimized with the Yoast SEO plugin v25.2 - https:\/\/yoast.com\/wordpress\/plugins\/seo\/ -->\n<title>Divorcio Colaborativo - Sallato and Associates - Attorneys at Law Miami<\/title>\n<meta name=\"robots\" content=\"index, follow, max-snippet:-1, max-image-preview:large, max-video-preview:-1\" \/>\n<link rel=\"canonical\" href=\"https:\/\/sallatoandassociates.com\/es\/divorcio-colaborativo\/\" \/>\n<meta property=\"og:locale\" content=\"es_ES\" \/>\n<meta property=\"og:type\" content=\"article\" \/>\n<meta property=\"og:title\" content=\"Divorcio Colaborativo - Sallato and Associates - Attorneys at Law Miami\" \/>\n<meta property=\"og:description\" content=\"[vc_row][vc_column][vc_column_text] El proceso de divorcio colaborativo El proceso de divorcio colaborativo es una forma de abordar las cuestiones que surgen ...\" \/>\n<meta property=\"og:url\" content=\"https:\/\/sallatoandassociates.com\/es\/divorcio-colaborativo\/\" \/>\n<meta property=\"og:site_name\" content=\"Sallato and Associates - Attorneys at Law Miami\" \/>\n<meta property=\"article:publisher\" content=\"https:\/\/www.facebook.com\/Sallato-Associates-PA-816422088378998\/info\/?tab=page_info\" \/>\n<meta property=\"article:modified_time\" content=\"2024-02-26T05:15:12+00:00\" \/>\n<meta name=\"twitter:label1\" content=\"Tiempo de lectura\" \/>\n\t<meta name=\"twitter:data1\" content=\"4 minutos\" \/>\n<script type=\"application\/ld+json\" class=\"yoast-schema-graph\">{\"@context\":\"https:\/\/schema.org\",\"@graph\":[{\"@type\":\"WebPage\",\"@id\":\"https:\/\/sallatoandassociates.com\/es\/divorcio-colaborativo\/\",\"url\":\"https:\/\/sallatoandassociates.com\/es\/divorcio-colaborativo\/\",\"name\":\"Divorcio Colaborativo - Sallato and Associates - Attorneys at Law Miami\",\"isPartOf\":{\"@id\":\"https:\/\/sallatoandassociates.com\/#website\"},\"datePublished\":\"2024-02-26T05:14:28+00:00\",\"dateModified\":\"2024-02-26T05:15:12+00:00\",\"breadcrumb\":{\"@id\":\"https:\/\/sallatoandassociates.com\/es\/divorcio-colaborativo\/#breadcrumb\"},\"inLanguage\":\"es\",\"potentialAction\":[{\"@type\":\"ReadAction\",\"target\":[\"https:\/\/sallatoandassociates.com\/es\/divorcio-colaborativo\/\"]}]},{\"@type\":\"BreadcrumbList\",\"@id\":\"https:\/\/sallatoandassociates.com\/es\/divorcio-colaborativo\/#breadcrumb\",\"itemListElement\":[{\"@type\":\"ListItem\",\"position\":1,\"name\":\"Home\",\"item\":\"https:\/\/sallatoandassociates.com\/es\/\"},{\"@type\":\"ListItem\",\"position\":2,\"name\":\"Divorcio Colaborativo\"}]},{\"@type\":\"WebSite\",\"@id\":\"https:\/\/sallatoandassociates.com\/#website\",\"url\":\"https:\/\/sallatoandassociates.com\/\",\"name\":\"Sallato and Associates - Attorneys at Law Miami\",\"description\":\"Board Certified Family Attorney\",\"potentialAction\":[{\"@type\":\"SearchAction\",\"target\":{\"@type\":\"EntryPoint\",\"urlTemplate\":\"https:\/\/sallatoandassociates.com\/?s={search_term_string}\"},\"query-input\":{\"@type\":\"PropertyValueSpecification\",\"valueRequired\":true,\"valueName\":\"search_term_string\"}}],\"inLanguage\":\"es\"}]}<\/script>\n<!-- \/ Yoast SEO plugin. -->","yoast_head_json":{"title":"Divorcio Colaborativo - Sallato and Associates - Attorneys at Law Miami","robots":{"index":"index","follow":"follow","max-snippet":"max-snippet:-1","max-image-preview":"max-image-preview:large","max-video-preview":"max-video-preview:-1"},"canonical":"https:\/\/sallatoandassociates.com\/es\/divorcio-colaborativo\/","og_locale":"es_ES","og_type":"article","og_title":"Divorcio Colaborativo - Sallato and Associates - Attorneys at Law Miami","og_description":"[vc_row][vc_column][vc_column_text] El proceso de divorcio colaborativo El proceso de divorcio colaborativo es una forma de abordar las cuestiones que surgen ...","og_url":"https:\/\/sallatoandassociates.com\/es\/divorcio-colaborativo\/","og_site_name":"Sallato and Associates - Attorneys at Law Miami","article_publisher":"https:\/\/www.facebook.com\/Sallato-Associates-PA-816422088378998\/info\/?tab=page_info","article_modified_time":"2024-02-26T05:15:12+00:00","twitter_misc":{"Tiempo de lectura":"4 minutos"},"schema":{"@context":"https:\/\/schema.org","@graph":[{"@type":"WebPage","@id":"https:\/\/sallatoandassociates.com\/es\/divorcio-colaborativo\/","url":"https:\/\/sallatoandassociates.com\/es\/divorcio-colaborativo\/","name":"Divorcio Colaborativo - Sallato and Associates - Attorneys at Law Miami","isPartOf":{"@id":"https:\/\/sallatoandassociates.com\/#website"},"datePublished":"2024-02-26T05:14:28+00:00","dateModified":"2024-02-26T05:15:12+00:00","breadcrumb":{"@id":"https:\/\/sallatoandassociates.com\/es\/divorcio-colaborativo\/#breadcrumb"},"inLanguage":"es","potentialAction":[{"@type":"ReadAction","target":["https:\/\/sallatoandassociates.com\/es\/divorcio-colaborativo\/"]}]},{"@type":"BreadcrumbList","@id":"https:\/\/sallatoandassociates.com\/es\/divorcio-colaborativo\/#breadcrumb","itemListElement":[{"@type":"ListItem","position":1,"name":"Home","item":"https:\/\/sallatoandassociates.com\/es\/"},{"@type":"ListItem","position":2,"name":"Divorcio Colaborativo"}]},{"@type":"WebSite","@id":"https:\/\/sallatoandassociates.com\/#website","url":"https:\/\/sallatoandassociates.com\/","name":"Sallato and Associates - Attorneys at Law Miami","description":"Board Certified Family Attorney","potentialAction":[{"@type":"SearchAction","target":{"@type":"EntryPoint","urlTemplate":"https:\/\/sallatoandassociates.com\/?s={search_term_string}"},"query-input":{"@type":"PropertyValueSpecification","valueRequired":true,"valueName":"search_term_string"}}],"inLanguage":"es"}]}},"_links":{"self":[{"href":"https:\/\/sallatoandassociates.com\/es\/wp-json\/wp\/v2\/pages\/1663"}],"collection":[{"href":"https:\/\/sallatoandassociates.com\/es\/wp-json\/wp\/v2\/pages"}],"about":[{"href":"https:\/\/sallatoandassociates.com\/es\/wp-json\/wp\/v2\/types\/page"}],"author":[{"embeddable":true,"href":"https:\/\/sallatoandassociates.com\/es\/wp-json\/wp\/v2\/users\/4"}],"replies":[{"embeddable":true,"href":"https:\/\/sallatoandassociates.com\/es\/wp-json\/wp\/v2\/comments?post=1663"}],"version-history":[{"count":6,"href":"https:\/\/sallatoandassociates.com\/es\/wp-json\/wp\/v2\/pages\/1663\/revisions"}],"predecessor-version":[{"id":1670,"href":"https:\/\/sallatoandassociates.com\/es\/wp-json\/wp\/v2\/pages\/1663\/revisions\/1670"}],"wp:attachment":[{"href":"https:\/\/sallatoandassociates.com\/es\/wp-json\/wp\/v2\/media?parent=1663"}],"curies":[{"name":"wp","href":"https:\/\/api.w.org\/{rel}","templated":true}]}}