{"id":1649,"date":"2024-02-25T23:54:52","date_gmt":"2024-02-26T04:54:52","guid":{"rendered":"https:\/\/mariatsallato.com\/adopcion\/"},"modified":"2024-09-24T00:36:00","modified_gmt":"2024-09-24T04:36:00","slug":"adopcion","status":"publish","type":"page","link":"https:\/\/sallatoandassociates.com\/es\/adopcion\/","title":{"rendered":"ADOPCION"},"content":{"rendered":"<div class=\"wpb-content-wrapper\"><p>[vc_row][vc_column][vc_column_text]<\/p>\n<h1 class=\"page-title\" style=\"text-align: center;\"><strong>Adopci\u00f3n paternal<\/strong><\/h1>\n<p style=\"text-align: center;\">De todos los diferentes procesos legales que maneja un abogado de derecho de familia, no hay nada m\u00e1s gratificante que las adopciones, especialmente las adopciones de padrastros. Generalmente es un d\u00eda feliz y especial de unificaci\u00f3n de una familia. Sin embargo, los abogados de adopci\u00f3n deben tener conocimientos sobre la adopci\u00f3n de un ni\u00f1o de un pa\u00eds extranjero.<\/p>\n<p>[\/vc_column_text][vc_column_text]<\/p>\n<p style=\"text-align: justify;\">De acuerdo con la pol\u00edtica de USCIS para determinar la residencia habitual en los EE. UU. para ni\u00f1os de pa\u00edses de la Convenci\u00f3n de La Haya, el pa\u00eds donde se considera que el ni\u00f1o tiene residencia habitual determinar\u00e1 en qu\u00e9 proceso de adopci\u00f3n se llevar\u00e1 a cabo el proceso de adopci\u00f3n. los padres deben pasar. Si un ni\u00f1o vive en los EE. UU. pero se considera residente habitual de su pa\u00eds de ciudadan\u00eda, los padres adoptivos generalmente deben pasar por el proceso de La Haya para poder adoptar y obtener el estatus migratorio estadounidense para su hijo. Si se considera que el ni\u00f1o tiene residencia habitual en los EE. UU., los padres adoptivos no necesitan pasar por el proceso de La Haya y pueden presentar un Formulario I-130 para el ni\u00f1o.<\/p>\n<p>[\/vc_column_text][\/vc_column][\/vc_row][vc_row][vc_column][vc_cta h2=&#8221; \u00a1Obtenga Asesoramiento Legal Ahora!&#8221; add_button=&#8221;right&#8221; btn_title=&#8221;Revisi\u00f3n Gratuita de Casos&#8221; btn_color=&#8221;info&#8221; add_icon=&#8221;left&#8221; i_icon_fontawesome=&#8221;fas fa-globe&#8221; i_color=&#8221;turquoise&#8221; i_on_border=&#8221;true&#8221; btn_link=&#8221;url:https%3A%2F%2Fsallatoandassociates.com%2Fcontact%2F|title:%20Contacto|&#8221;]<em>Abogado de Adopci\u00f3n Paternal Miami, Florida \u2013 Abogados de Adopci\u00f3n Internacional de Miami \u2013 Ley de Adopci\u00f3n y Subrogaci\u00f3n<\/em>[\/vc_cta][\/vc_column][\/vc_row][vc_row][vc_column]\n\t<div class=\"custom-heading wpb_content_element \">\n\t\t<h2 class=\"heading-title\" >The Decision to Adopt<\/h2>\n\t\t<span class=\"heading-line primary\"><\/span>\n\t<\/div>[vc_column_text]<\/p>\n<p>La decisi\u00f3n de adoptar es una de las m\u00e1s dif\u00edciles pero gratificantes que puede tomar una familia. En primer lugar, debe entenderse que la adopci\u00f3n crea una relaci\u00f3n importante e irrevocable entre padres e hijo o hija que durar\u00e1 toda la vida. En segundo lugar, mientras se considera la decisi\u00f3n de adoptar, se debe programar una consulta con un abogado de adopci\u00f3n para determinar cu\u00e1les son los requisitos legales seg\u00fan la ley.<\/p>\n<p>Diferentes situaciones tienen diferentes requisitos legales. Por ejemplo, en adopciones de padrastros o familiares cercanos, no hay necesidad de un estudio del hogar, lo que acelera enormemente el proceso de adopci\u00f3n.<\/p>\n<p>Es importante se\u00f1alar que las adopciones no siempre involucran a ni\u00f1os, ya que en el Estado de Florida se puede adoptar a una persona adulta.<\/p>\n<p>Con casi <a href=\"https:\/\/sallatoandassociates.com\/es\/nosotros\/\">30 a\u00f1os<\/a> representando a familias, brindamos representaci\u00f3n experta y amable en su proceso de adopci\u00f3n.<\/p>\n<p>[\/vc_column_text][\/vc_column][\/vc_row][vc_row][vc_column][vc_column_text]<\/p>\n<h3 style=\"text-align: center;\"><em>Abogado de Adopci\u00f3n Parental Miami, Florida \u2013 Abogados de Adopci\u00f3n Internacional de Miami \u2013 Ley de Adopci\u00f3n y Subrogaci\u00f3n<\/em><\/h3>\n<p>[\/vc_column_text][vc_column_text]<\/p>\n<h3 style=\"text-align: center;\"><a href=\"https:\/\/youtu.be\/fdxkLJScpnI\">Certificaci\u00f3n del Colegio de Abogados de Florida en derecho matrimonial y familiar<\/a><\/h3>\n<p>[\/vc_column_text][\/vc_column][\/vc_row]<\/p>\n<\/div>","protected":false},"excerpt":{"rendered":"<p>[vc_row][vc_column][vc_column_text] Adopci\u00f3n paternal De todos los diferentes procesos legales que maneja un abogado de derecho de familia, no hay nada &#8230;<\/p>\n","protected":false},"author":4,"featured_media":0,"parent":0,"menu_order":0,"comment_status":"closed","ping_status":"closed","template":"","meta":{"footnotes":""},"class_list":["post-1649","page","type-page","status-publish","hentry"],"yoast_head":"<!-- This site is optimized with the Yoast SEO plugin v25.2 - https:\/\/yoast.com\/wordpress\/plugins\/seo\/ -->\n<title>Adoptar un ni\u00f1o - Abogado de Adopci\u00f3n Paternal Miami, Florida - Maria T. Sallato<\/title>\n<meta name=\"description\" content=\"Abogado de Adopci\u00f3n Paternal Miami, Florida \u2013 Abogados de Adopci\u00f3n Internacional de Miami \u2013 Ley de Adopci\u00f3n y Subrogaci\u00f3n -Maria T. Sallato - Abogada de Familia\" \/>\n<meta name=\"robots\" content=\"index, follow, max-snippet:-1, max-image-preview:large, max-video-preview:-1\" \/>\n<link rel=\"canonical\" href=\"https:\/\/sallatoandassociates.com\/es\/adopcion\/\" \/>\n<meta property=\"og:locale\" content=\"es_ES\" \/>\n<meta property=\"og:type\" content=\"article\" \/>\n<meta property=\"og:title\" content=\"Adoptar un ni\u00f1o - Abogado de Adopci\u00f3n Paternal Miami, Florida - Maria T. Sallato\" \/>\n<meta property=\"og:description\" content=\"Abogado de Adopci\u00f3n Paternal Miami, Florida \u2013 Abogados de Adopci\u00f3n Internacional de Miami \u2013 Ley de Adopci\u00f3n y Subrogaci\u00f3n -Maria T. Sallato - Abogada de Familia\" \/>\n<meta property=\"og:url\" content=\"https:\/\/sallatoandassociates.com\/es\/adopcion\/\" \/>\n<meta property=\"og:site_name\" content=\"Sallato and Associates - Attorneys at Law Miami\" \/>\n<meta property=\"article:publisher\" content=\"https:\/\/www.facebook.com\/Sallato-Associates-PA-816422088378998\/info\/?tab=page_info\" \/>\n<meta property=\"article:modified_time\" content=\"2024-09-24T04:36:00+00:00\" \/>\n<meta name=\"twitter:label1\" content=\"Tiempo de lectura\" \/>\n\t<meta name=\"twitter:data1\" content=\"3 minutos\" \/>\n<script type=\"application\/ld+json\" class=\"yoast-schema-graph\">{\"@context\":\"https:\/\/schema.org\",\"@graph\":[{\"@type\":\"WebPage\",\"@id\":\"https:\/\/sallatoandassociates.com\/es\/adopcion\/\",\"url\":\"https:\/\/sallatoandassociates.com\/es\/adopcion\/\",\"name\":\"Adoptar un ni\u00f1o - Abogado de Adopci\u00f3n Paternal Miami, Florida - Maria T. Sallato\",\"isPartOf\":{\"@id\":\"https:\/\/sallatoandassociates.com\/#website\"},\"datePublished\":\"2024-02-26T04:54:52+00:00\",\"dateModified\":\"2024-09-24T04:36:00+00:00\",\"description\":\"Abogado de Adopci\u00f3n Paternal Miami, Florida \u2013 Abogados de Adopci\u00f3n Internacional de Miami \u2013 Ley de Adopci\u00f3n y Subrogaci\u00f3n -Maria T. Sallato - Abogada de Familia\",\"breadcrumb\":{\"@id\":\"https:\/\/sallatoandassociates.com\/es\/adopcion\/#breadcrumb\"},\"inLanguage\":\"es\",\"potentialAction\":[{\"@type\":\"ReadAction\",\"target\":[\"https:\/\/sallatoandassociates.com\/es\/adopcion\/\"]}]},{\"@type\":\"BreadcrumbList\",\"@id\":\"https:\/\/sallatoandassociates.com\/es\/adopcion\/#breadcrumb\",\"itemListElement\":[{\"@type\":\"ListItem\",\"position\":1,\"name\":\"Home\",\"item\":\"https:\/\/sallatoandassociates.com\/es\/\"},{\"@type\":\"ListItem\",\"position\":2,\"name\":\"ADOPCION\"}]},{\"@type\":\"WebSite\",\"@id\":\"https:\/\/sallatoandassociates.com\/#website\",\"url\":\"https:\/\/sallatoandassociates.com\/\",\"name\":\"Sallato and Associates - Attorneys at Law Miami\",\"description\":\"Board Certified Family Attorney\",\"potentialAction\":[{\"@type\":\"SearchAction\",\"target\":{\"@type\":\"EntryPoint\",\"urlTemplate\":\"https:\/\/sallatoandassociates.com\/?s={search_term_string}\"},\"query-input\":{\"@type\":\"PropertyValueSpecification\",\"valueRequired\":true,\"valueName\":\"search_term_string\"}}],\"inLanguage\":\"es\"}]}<\/script>\n<!-- \/ Yoast SEO plugin. -->","yoast_head_json":{"title":"Adoptar un ni\u00f1o - Abogado de Adopci\u00f3n Paternal Miami, Florida - Maria T. Sallato","description":"Abogado de Adopci\u00f3n Paternal Miami, Florida \u2013 Abogados de Adopci\u00f3n Internacional de Miami \u2013 Ley de Adopci\u00f3n y Subrogaci\u00f3n -Maria T. Sallato - Abogada de Familia","robots":{"index":"index","follow":"follow","max-snippet":"max-snippet:-1","max-image-preview":"max-image-preview:large","max-video-preview":"max-video-preview:-1"},"canonical":"https:\/\/sallatoandassociates.com\/es\/adopcion\/","og_locale":"es_ES","og_type":"article","og_title":"Adoptar un ni\u00f1o - Abogado de Adopci\u00f3n Paternal Miami, Florida - Maria T. Sallato","og_description":"Abogado de Adopci\u00f3n Paternal Miami, Florida \u2013 Abogados de Adopci\u00f3n Internacional de Miami \u2013 Ley de Adopci\u00f3n y Subrogaci\u00f3n -Maria T. Sallato - Abogada de Familia","og_url":"https:\/\/sallatoandassociates.com\/es\/adopcion\/","og_site_name":"Sallato and Associates - Attorneys at Law Miami","article_publisher":"https:\/\/www.facebook.com\/Sallato-Associates-PA-816422088378998\/info\/?tab=page_info","article_modified_time":"2024-09-24T04:36:00+00:00","twitter_misc":{"Tiempo de lectura":"3 minutos"},"schema":{"@context":"https:\/\/schema.org","@graph":[{"@type":"WebPage","@id":"https:\/\/sallatoandassociates.com\/es\/adopcion\/","url":"https:\/\/sallatoandassociates.com\/es\/adopcion\/","name":"Adoptar un ni\u00f1o - Abogado de Adopci\u00f3n Paternal Miami, Florida - Maria T. Sallato","isPartOf":{"@id":"https:\/\/sallatoandassociates.com\/#website"},"datePublished":"2024-02-26T04:54:52+00:00","dateModified":"2024-09-24T04:36:00+00:00","description":"Abogado de Adopci\u00f3n Paternal Miami, Florida \u2013 Abogados de Adopci\u00f3n Internacional de Miami \u2013 Ley de Adopci\u00f3n y Subrogaci\u00f3n -Maria T. Sallato - Abogada de Familia","breadcrumb":{"@id":"https:\/\/sallatoandassociates.com\/es\/adopcion\/#breadcrumb"},"inLanguage":"es","potentialAction":[{"@type":"ReadAction","target":["https:\/\/sallatoandassociates.com\/es\/adopcion\/"]}]},{"@type":"BreadcrumbList","@id":"https:\/\/sallatoandassociates.com\/es\/adopcion\/#breadcrumb","itemListElement":[{"@type":"ListItem","position":1,"name":"Home","item":"https:\/\/sallatoandassociates.com\/es\/"},{"@type":"ListItem","position":2,"name":"ADOPCION"}]},{"@type":"WebSite","@id":"https:\/\/sallatoandassociates.com\/#website","url":"https:\/\/sallatoandassociates.com\/","name":"Sallato and Associates - Attorneys at Law Miami","description":"Board Certified Family Attorney","potentialAction":[{"@type":"SearchAction","target":{"@type":"EntryPoint","urlTemplate":"https:\/\/sallatoandassociates.com\/?s={search_term_string}"},"query-input":{"@type":"PropertyValueSpecification","valueRequired":true,"valueName":"search_term_string"}}],"inLanguage":"es"}]}},"_links":{"self":[{"href":"https:\/\/sallatoandassociates.com\/es\/wp-json\/wp\/v2\/pages\/1649"}],"collection":[{"href":"https:\/\/sallatoandassociates.com\/es\/wp-json\/wp\/v2\/pages"}],"about":[{"href":"https:\/\/sallatoandassociates.com\/es\/wp-json\/wp\/v2\/types\/page"}],"author":[{"embeddable":true,"href":"https:\/\/sallatoandassociates.com\/es\/wp-json\/wp\/v2\/users\/4"}],"replies":[{"embeddable":true,"href":"https:\/\/sallatoandassociates.com\/es\/wp-json\/wp\/v2\/comments?post=1649"}],"version-history":[{"count":7,"href":"https:\/\/sallatoandassociates.com\/es\/wp-json\/wp\/v2\/pages\/1649\/revisions"}],"predecessor-version":[{"id":1752,"href":"https:\/\/sallatoandassociates.com\/es\/wp-json\/wp\/v2\/pages\/1649\/revisions\/1752"}],"wp:attachment":[{"href":"https:\/\/sallatoandassociates.com\/es\/wp-json\/wp\/v2\/media?parent=1649"}],"curies":[{"name":"wp","href":"https:\/\/api.w.org\/{rel}","templated":true}]}}